{"id":70,"date":"2020-01-28T06:55:07","date_gmt":"2020-01-28T06:55:07","guid":{"rendered":"https:\/\/demo.themeansar.com\/newsup\/lite\/?page_id=70"},"modified":"2026-01-20T22:22:00","modified_gmt":"2026-01-21T03:22:00","slug":"contact","status":"publish","type":"page","link":"https:\/\/domenicaz.site\/index.php\/contact\/","title":{"rendered":"Contact"},"content":{"rendered":"\n<p>\ud83c\udf38 <strong>Hola, soy Dom\u00e9nica Zambrano<\/strong> \ud83c\udf38 Bienvenidos a mi espacio digital, un lugar creado con mucho cari\u00f1o para compartir lo que m\u00e1s me apasiona: la moda, la far\u00e1ndula, las marcas, las personas influyentes y todas las novedades que hacen vibrar este mundo tan creativo.<\/p>\n\n\n<div class=\"wp-block-image\">\n<figure class=\"aligncenter size-full is-resized\"><img loading=\"lazy\" decoding=\"async\" width=\"588\" height=\"729\" src=\"https:\/\/domenicaz.site\/wp-content\/uploads\/2026\/01\/WhatsApp-Image-2026-01-20-at-10.06.08-PM.jpeg\" alt=\"\" class=\"wp-image-528\" style=\"aspect-ratio:0.8066030101958246;width:603px;height:auto\" srcset=\"https:\/\/domenicaz.site\/wp-content\/uploads\/2026\/01\/WhatsApp-Image-2026-01-20-at-10.06.08-PM.jpeg 588w, https:\/\/domenicaz.site\/wp-content\/uploads\/2026\/01\/WhatsApp-Image-2026-01-20-at-10.06.08-PM-242x300.jpeg 242w\" sizes=\"auto, (max-width: 588px) 100vw, 588px\" \/><\/figure>\n<\/div>\n\n\n<p>\u2728 Aqu\u00ed puedes <strong>contactarte conmigo<\/strong>, la due\u00f1a de este blog, siempre abierta a conversar, intercambiar ideas y escuchar tus sugerencias. Mi objetivo es que este sea un rinc\u00f3n cercano y aut\u00e9ntico, donde la moda se viva como parte de nuestra identidad y estilo de vida.<br><br><strong>Mis redes sociales:<\/strong><\/p>\n\n\n\n<p>Instagram: <a href=\"https:\/\/www.instagram.com\/dome_zambrano1\/\">dome_zambrano1<\/a><\/p>\n","protected":false},"excerpt":{"rendered":"<p>\ud83c\udf38 Hola, soy Dom\u00e9nica Zambrano \ud83c\udf38 Bienvenidos a mi espacio digital, un lugar creado con mucho cari\u00f1o para compartir lo que m\u00e1s me apasiona: la moda, la far\u00e1ndula, las marcas, las personas influyentes y todas las novedades que hacen vibrar este mundo tan creativo. \u2728 Aqu\u00ed puedes contactarte conmigo, la due\u00f1a de este blog, siempre [&hellip;]<\/p>\n","protected":false},"author":1,"featured_media":0,"parent":0,"menu_order":0,"comment_status":"closed","ping_status":"closed","template":"","meta":{"footnotes":""},"class_list":["post-70","page","type-page","status-publish","hentry"],"yoast_head":"<!-- This site is optimized with the Yoast SEO plugin v26.4 - https:\/\/yoast.com\/wordpress\/plugins\/seo\/ -->\n<title>Contact - Dom\u00e9nica Zambrano<\/title>\n<meta name=\"robots\" content=\"index, follow, max-snippet:-1, max-image-preview:large, max-video-preview:-1\" \/>\n<link rel=\"canonical\" href=\"https:\/\/domenicaz.site\/index.php\/contact\/\" \/>\n<meta property=\"og:locale\" content=\"es_ES\" \/>\n<meta property=\"og:type\" content=\"article\" \/>\n<meta property=\"og:title\" content=\"Contact - Dom\u00e9nica Zambrano\" \/>\n<meta property=\"og:description\" content=\"\ud83c\udf38 Hola, soy Dom\u00e9nica Zambrano \ud83c\udf38 Bienvenidos a mi espacio digital, un lugar creado con mucho cari\u00f1o para compartir lo que m\u00e1s me apasiona: la moda, la far\u00e1ndula, las marcas, las personas influyentes y todas las novedades que hacen vibrar este mundo tan creativo. \u2728 Aqu\u00ed puedes contactarte conmigo, la due\u00f1a de este blog, siempre [&hellip;]\" \/>\n<meta property=\"og:url\" content=\"https:\/\/domenicaz.site\/index.php\/contact\/\" \/>\n<meta property=\"og:site_name\" content=\"Dom\u00e9nica Zambrano\" \/>\n<meta property=\"article:modified_time\" content=\"2026-01-21T03:22:00+00:00\" \/>\n<meta property=\"og:image\" content=\"https:\/\/domenicaz.site\/wp-content\/uploads\/2026\/01\/WhatsApp-Image-2026-01-20-at-10.06.08-PM.jpeg\" \/>\n\t<meta property=\"og:image:width\" content=\"588\" \/>\n\t<meta property=\"og:image:height\" content=\"729\" \/>\n\t<meta property=\"og:image:type\" content=\"image\/jpeg\" \/>\n<meta name=\"twitter:card\" content=\"summary_large_image\" \/>\n<meta name=\"twitter:label1\" content=\"Tiempo de lectura\" \/>\n\t<meta name=\"twitter:data1\" content=\"1 minuto\" \/>\n<script type=\"application\/ld+json\" class=\"yoast-schema-graph\">{\"@context\":\"https:\/\/schema.org\",\"@graph\":[{\"@type\":\"WebPage\",\"@id\":\"https:\/\/domenicaz.site\/index.php\/contact\/\",\"url\":\"https:\/\/domenicaz.site\/index.php\/contact\/\",\"name\":\"Contact - Dom\u00e9nica Zambrano\",\"isPartOf\":{\"@id\":\"https:\/\/domenicaz.site\/#website\"},\"primaryImageOfPage\":{\"@id\":\"https:\/\/domenicaz.site\/index.php\/contact\/#primaryimage\"},\"image\":{\"@id\":\"https:\/\/domenicaz.site\/index.php\/contact\/#primaryimage\"},\"thumbnailUrl\":\"https:\/\/domenicaz.site\/wp-content\/uploads\/2026\/01\/WhatsApp-Image-2026-01-20-at-10.06.08-PM.jpeg\",\"datePublished\":\"2020-01-28T06:55:07+00:00\",\"dateModified\":\"2026-01-21T03:22:00+00:00\",\"breadcrumb\":{\"@id\":\"https:\/\/domenicaz.site\/index.php\/contact\/#breadcrumb\"},\"inLanguage\":\"es\",\"potentialAction\":[{\"@type\":\"ReadAction\",\"target\":[\"https:\/\/domenicaz.site\/index.php\/contact\/\"]}]},{\"@type\":\"ImageObject\",\"inLanguage\":\"es\",\"@id\":\"https:\/\/domenicaz.site\/index.php\/contact\/#primaryimage\",\"url\":\"https:\/\/domenicaz.site\/wp-content\/uploads\/2026\/01\/WhatsApp-Image-2026-01-20-at-10.06.08-PM.jpeg\",\"contentUrl\":\"https:\/\/domenicaz.site\/wp-content\/uploads\/2026\/01\/WhatsApp-Image-2026-01-20-at-10.06.08-PM.jpeg\",\"width\":588,\"height\":729},{\"@type\":\"BreadcrumbList\",\"@id\":\"https:\/\/domenicaz.site\/index.php\/contact\/#breadcrumb\",\"itemListElement\":[{\"@type\":\"ListItem\",\"position\":1,\"name\":\"Portada\",\"item\":\"https:\/\/domenicaz.site\/\"},{\"@type\":\"ListItem\",\"position\":2,\"name\":\"Contact\"}]},{\"@type\":\"WebSite\",\"@id\":\"https:\/\/domenicaz.site\/#website\",\"url\":\"https:\/\/domenicaz.site\/\",\"name\":\"Dom\u00e9nica Zambrano\",\"description\":\"\",\"potentialAction\":[{\"@type\":\"SearchAction\",\"target\":{\"@type\":\"EntryPoint\",\"urlTemplate\":\"https:\/\/domenicaz.site\/?s={search_term_string}\"},\"query-input\":{\"@type\":\"PropertyValueSpecification\",\"valueRequired\":true,\"valueName\":\"search_term_string\"}}],\"inLanguage\":\"es\"}]}<\/script>\n<!-- \/ Yoast SEO plugin. -->","yoast_head_json":{"title":"Contact - Dom\u00e9nica Zambrano","robots":{"index":"index","follow":"follow","max-snippet":"max-snippet:-1","max-image-preview":"max-image-preview:large","max-video-preview":"max-video-preview:-1"},"canonical":"https:\/\/domenicaz.site\/index.php\/contact\/","og_locale":"es_ES","og_type":"article","og_title":"Contact - Dom\u00e9nica Zambrano","og_description":"\ud83c\udf38 Hola, soy Dom\u00e9nica Zambrano \ud83c\udf38 Bienvenidos a mi espacio digital, un lugar creado con mucho cari\u00f1o para compartir lo que m\u00e1s me apasiona: la moda, la far\u00e1ndula, las marcas, las personas influyentes y todas las novedades que hacen vibrar este mundo tan creativo. \u2728 Aqu\u00ed puedes contactarte conmigo, la due\u00f1a de este blog, siempre [&hellip;]","og_url":"https:\/\/domenicaz.site\/index.php\/contact\/","og_site_name":"Dom\u00e9nica Zambrano","article_modified_time":"2026-01-21T03:22:00+00:00","og_image":[{"width":588,"height":729,"url":"https:\/\/domenicaz.site\/wp-content\/uploads\/2026\/01\/WhatsApp-Image-2026-01-20-at-10.06.08-PM.jpeg","type":"image\/jpeg"}],"twitter_card":"summary_large_image","twitter_misc":{"Tiempo de lectura":"1 minuto"},"schema":{"@context":"https:\/\/schema.org","@graph":[{"@type":"WebPage","@id":"https:\/\/domenicaz.site\/index.php\/contact\/","url":"https:\/\/domenicaz.site\/index.php\/contact\/","name":"Contact - Dom\u00e9nica Zambrano","isPartOf":{"@id":"https:\/\/domenicaz.site\/#website"},"primaryImageOfPage":{"@id":"https:\/\/domenicaz.site\/index.php\/contact\/#primaryimage"},"image":{"@id":"https:\/\/domenicaz.site\/index.php\/contact\/#primaryimage"},"thumbnailUrl":"https:\/\/domenicaz.site\/wp-content\/uploads\/2026\/01\/WhatsApp-Image-2026-01-20-at-10.06.08-PM.jpeg","datePublished":"2020-01-28T06:55:07+00:00","dateModified":"2026-01-21T03:22:00+00:00","breadcrumb":{"@id":"https:\/\/domenicaz.site\/index.php\/contact\/#breadcrumb"},"inLanguage":"es","potentialAction":[{"@type":"ReadAction","target":["https:\/\/domenicaz.site\/index.php\/contact\/"]}]},{"@type":"ImageObject","inLanguage":"es","@id":"https:\/\/domenicaz.site\/index.php\/contact\/#primaryimage","url":"https:\/\/domenicaz.site\/wp-content\/uploads\/2026\/01\/WhatsApp-Image-2026-01-20-at-10.06.08-PM.jpeg","contentUrl":"https:\/\/domenicaz.site\/wp-content\/uploads\/2026\/01\/WhatsApp-Image-2026-01-20-at-10.06.08-PM.jpeg","width":588,"height":729},{"@type":"BreadcrumbList","@id":"https:\/\/domenicaz.site\/index.php\/contact\/#breadcrumb","itemListElement":[{"@type":"ListItem","position":1,"name":"Portada","item":"https:\/\/domenicaz.site\/"},{"@type":"ListItem","position":2,"name":"Contact"}]},{"@type":"WebSite","@id":"https:\/\/domenicaz.site\/#website","url":"https:\/\/domenicaz.site\/","name":"Dom\u00e9nica Zambrano","description":"","potentialAction":[{"@type":"SearchAction","target":{"@type":"EntryPoint","urlTemplate":"https:\/\/domenicaz.site\/?s={search_term_string}"},"query-input":{"@type":"PropertyValueSpecification","valueRequired":true,"valueName":"search_term_string"}}],"inLanguage":"es"}]}},"_links":{"self":[{"href":"https:\/\/domenicaz.site\/index.php\/wp-json\/wp\/v2\/pages\/70","targetHints":{"allow":["GET"]}}],"collection":[{"href":"https:\/\/domenicaz.site\/index.php\/wp-json\/wp\/v2\/pages"}],"about":[{"href":"https:\/\/domenicaz.site\/index.php\/wp-json\/wp\/v2\/types\/page"}],"author":[{"embeddable":true,"href":"https:\/\/domenicaz.site\/index.php\/wp-json\/wp\/v2\/users\/1"}],"replies":[{"embeddable":true,"href":"https:\/\/domenicaz.site\/index.php\/wp-json\/wp\/v2\/comments?post=70"}],"version-history":[{"count":4,"href":"https:\/\/domenicaz.site\/index.php\/wp-json\/wp\/v2\/pages\/70\/revisions"}],"predecessor-version":[{"id":529,"href":"https:\/\/domenicaz.site\/index.php\/wp-json\/wp\/v2\/pages\/70\/revisions\/529"}],"wp:attachment":[{"href":"https:\/\/domenicaz.site\/index.php\/wp-json\/wp\/v2\/media?parent=70"}],"curies":[{"name":"wp","href":"https:\/\/api.w.org\/{rel}","templated":true}]}}