{"id":505,"date":"2026-01-18T13:32:55","date_gmt":"2026-01-18T18:32:55","guid":{"rendered":"https:\/\/domenicaz.site\/?page_id=505"},"modified":"2026-01-21T20:37:32","modified_gmt":"2026-01-22T01:37:32","slug":"4bb","status":"publish","type":"page","link":"https:\/\/domenicaz.site\/index.php\/eje-4\/4b\/4bb\/","title":{"rendered":"PRODUCCI\u00d3N LOCAL Y DE PEQUE\u00d1A ESCALA"},"content":{"rendered":"<div class=\"wp-block-image\">\n<figure class=\"aligncenter size-full\"><img loading=\"lazy\" decoding=\"async\" width=\"1024\" height=\"768\" src=\"https:\/\/domenicaz.site\/wp-content\/uploads\/2026\/01\/Mapa-Conceptual-Esquema-Infantil-Sencillo-Multicolor.jpg\" alt=\"\" class=\"wp-image-539\" srcset=\"https:\/\/domenicaz.site\/wp-content\/uploads\/2026\/01\/Mapa-Conceptual-Esquema-Infantil-Sencillo-Multicolor.jpg 1024w, https:\/\/domenicaz.site\/wp-content\/uploads\/2026\/01\/Mapa-Conceptual-Esquema-Infantil-Sencillo-Multicolor-300x225.jpg 300w, https:\/\/domenicaz.site\/wp-content\/uploads\/2026\/01\/Mapa-Conceptual-Esquema-Infantil-Sencillo-Multicolor-768x576.jpg 768w\" sizes=\"auto, (max-width: 1024px) 100vw, 1024px\" \/><\/figure>\n<\/div>\n\n\n<p>La producci\u00f3n local fabricar ropa cerca de donde se vende y se usa\u2014 no es solo una palabra bonita, sino una <strong>formidable herramienta de sostenibilidad ambiental<\/strong>.<\/p>\n\n\n\n<p>\ud83d\udccd <strong>Ventajas ambientales<\/strong><\/p>\n\n\n\n<ul class=\"wp-block-list\">\n<li>Al <strong>reducir las distancias entre la f\u00e1brica y el consumidor<\/strong>, se disminuyen dr\u00e1sticamente las emisiones de di\u00f3xido de carbono asociadas al transporte. Las prendas no necesitan recorrer miles de kil\u00f3metros en camiones, barcos o aviones antes de llegar a una tienda o a tu armario.<\/li>\n\n\n\n<li>La proximidad permite <strong>controlar mejor la producci\u00f3n<\/strong>: los materiales pueden ser elegidos con cuidado y los procesos supervisados, reduciendo residuos, contaminaci\u00f3n y consumo energ\u00e9tico general.<\/li>\n<\/ul>\n\n\n\n<p>\ud83d\udccd <strong>Menor huella de carbono<\/strong><\/p>\n\n\n\n<p>Producir cerca de donde se compra significa que <strong>gran parte de las emisiones asociadas con transporte, almacenamiento y log\u00edstica se reducen<\/strong>, porque se elimina la necesidad de largos env\u00edos internacionales. Esa reducci\u00f3n contribuye a un proceso m\u00e1s limpio y transparente.<\/p>\n\n\n\n<p>\ud83d\udccd <strong>Impactos sociales y de comunidad<\/strong><\/p>\n\n\n\n<p>Aunque el foco es ambiental, <strong>la producci\u00f3n local tambi\u00e9n fortalece econom\u00edas regionales<\/strong>, genera empleo cercano y ofrece mayores posibilidades de pr\u00e1cticas laborales justas y trazabilidad.<\/p>\n\n\n\n<div class=\"wp-block-buttons is-layout-flex wp-block-buttons-is-layout-flex\">\n<div class=\"wp-block-button\"><a class=\"wp-block-button__link wp-element-button\" href=\"https:\/\/domenicaz.site\/index.php\/eje-4\/\">Regresar<\/a><\/div>\n<\/div>\n","protected":false},"excerpt":{"rendered":"<p>La producci\u00f3n local fabricar ropa cerca de donde se vende y se usa\u2014 no es solo una palabra bonita, sino una formidable herramienta de sostenibilidad ambiental. \ud83d\udccd Ventajas ambientales \ud83d\udccd Menor huella de carbono Producir cerca de donde se compra significa que gran parte de las emisiones asociadas con transporte, almacenamiento y log\u00edstica se reducen, [&hellip;]<\/p>\n","protected":false},"author":1,"featured_media":0,"parent":344,"menu_order":2,"comment_status":"closed","ping_status":"closed","template":"","meta":{"footnotes":""},"class_list":["post-505","page","type-page","status-publish","hentry"],"yoast_head":"<!-- This site is optimized with the Yoast SEO plugin v26.4 - https:\/\/yoast.com\/wordpress\/plugins\/seo\/ -->\n<title>PRODUCCI\u00d3N LOCAL Y DE PEQUE\u00d1A ESCALA - Dom\u00e9nica Zambrano<\/title>\n<meta name=\"robots\" content=\"index, follow, max-snippet:-1, max-image-preview:large, max-video-preview:-1\" \/>\n<link rel=\"canonical\" href=\"https:\/\/domenicaz.site\/index.php\/eje-4\/4b\/4bb\/\" \/>\n<meta property=\"og:locale\" content=\"es_ES\" \/>\n<meta property=\"og:type\" content=\"article\" \/>\n<meta property=\"og:title\" content=\"PRODUCCI\u00d3N LOCAL Y DE PEQUE\u00d1A ESCALA - Dom\u00e9nica Zambrano\" \/>\n<meta property=\"og:description\" content=\"La producci\u00f3n local fabricar ropa cerca de donde se vende y se usa\u2014 no es solo una palabra bonita, sino una formidable herramienta de sostenibilidad ambiental. \ud83d\udccd Ventajas ambientales \ud83d\udccd Menor huella de carbono Producir cerca de donde se compra significa que gran parte de las emisiones asociadas con transporte, almacenamiento y log\u00edstica se reducen, [&hellip;]\" \/>\n<meta property=\"og:url\" content=\"https:\/\/domenicaz.site\/index.php\/eje-4\/4b\/4bb\/\" \/>\n<meta property=\"og:site_name\" content=\"Dom\u00e9nica Zambrano\" \/>\n<meta property=\"article:modified_time\" content=\"2026-01-22T01:37:32+00:00\" \/>\n<meta property=\"og:image\" content=\"https:\/\/domenicaz.site\/wp-content\/uploads\/2026\/01\/Mapa-Conceptual-Esquema-Infantil-Sencillo-Multicolor.jpg\" \/>\n\t<meta property=\"og:image:width\" content=\"1024\" \/>\n\t<meta property=\"og:image:height\" content=\"768\" \/>\n\t<meta property=\"og:image:type\" content=\"image\/jpeg\" \/>\n<meta name=\"twitter:card\" content=\"summary_large_image\" \/>\n<meta name=\"twitter:label1\" content=\"Tiempo de lectura\" \/>\n\t<meta name=\"twitter:data1\" content=\"2 minutos\" \/>\n<script type=\"application\/ld+json\" class=\"yoast-schema-graph\">{\"@context\":\"https:\/\/schema.org\",\"@graph\":[{\"@type\":\"WebPage\",\"@id\":\"https:\/\/domenicaz.site\/index.php\/eje-4\/4b\/4bb\/\",\"url\":\"https:\/\/domenicaz.site\/index.php\/eje-4\/4b\/4bb\/\",\"name\":\"PRODUCCI\u00d3N LOCAL Y DE PEQUE\u00d1A ESCALA - Dom\u00e9nica Zambrano\",\"isPartOf\":{\"@id\":\"https:\/\/domenicaz.site\/#website\"},\"primaryImageOfPage\":{\"@id\":\"https:\/\/domenicaz.site\/index.php\/eje-4\/4b\/4bb\/#primaryimage\"},\"image\":{\"@id\":\"https:\/\/domenicaz.site\/index.php\/eje-4\/4b\/4bb\/#primaryimage\"},\"thumbnailUrl\":\"https:\/\/domenicaz.site\/wp-content\/uploads\/2026\/01\/Mapa-Conceptual-Esquema-Infantil-Sencillo-Multicolor.jpg\",\"datePublished\":\"2026-01-18T18:32:55+00:00\",\"dateModified\":\"2026-01-22T01:37:32+00:00\",\"breadcrumb\":{\"@id\":\"https:\/\/domenicaz.site\/index.php\/eje-4\/4b\/4bb\/#breadcrumb\"},\"inLanguage\":\"es\",\"potentialAction\":[{\"@type\":\"ReadAction\",\"target\":[\"https:\/\/domenicaz.site\/index.php\/eje-4\/4b\/4bb\/\"]}]},{\"@type\":\"ImageObject\",\"inLanguage\":\"es\",\"@id\":\"https:\/\/domenicaz.site\/index.php\/eje-4\/4b\/4bb\/#primaryimage\",\"url\":\"https:\/\/domenicaz.site\/wp-content\/uploads\/2026\/01\/Mapa-Conceptual-Esquema-Infantil-Sencillo-Multicolor.jpg\",\"contentUrl\":\"https:\/\/domenicaz.site\/wp-content\/uploads\/2026\/01\/Mapa-Conceptual-Esquema-Infantil-Sencillo-Multicolor.jpg\",\"width\":1024,\"height\":768},{\"@type\":\"BreadcrumbList\",\"@id\":\"https:\/\/domenicaz.site\/index.php\/eje-4\/4b\/4bb\/#breadcrumb\",\"itemListElement\":[{\"@type\":\"ListItem\",\"position\":1,\"name\":\"Portada\",\"item\":\"https:\/\/domenicaz.site\/\"},{\"@type\":\"ListItem\",\"position\":2,\"name\":\"SOSTENIBILIDAD AMBIENTAL\",\"item\":\"https:\/\/domenicaz.site\/index.php\/eje-4\/\"},{\"@type\":\"ListItem\",\"position\":3,\"name\":\"CUANDO LO VERDE ES SOLO MARKETING\",\"item\":\"https:\/\/domenicaz.site\/index.php\/eje-4\/4b\/\"},{\"@type\":\"ListItem\",\"position\":4,\"name\":\"PRODUCCI\u00d3N LOCAL Y DE PEQUE\u00d1A ESCALA\"}]},{\"@type\":\"WebSite\",\"@id\":\"https:\/\/domenicaz.site\/#website\",\"url\":\"https:\/\/domenicaz.site\/\",\"name\":\"Dom\u00e9nica Zambrano\",\"description\":\"\",\"potentialAction\":[{\"@type\":\"SearchAction\",\"target\":{\"@type\":\"EntryPoint\",\"urlTemplate\":\"https:\/\/domenicaz.site\/?s={search_term_string}\"},\"query-input\":{\"@type\":\"PropertyValueSpecification\",\"valueRequired\":true,\"valueName\":\"search_term_string\"}}],\"inLanguage\":\"es\"}]}<\/script>\n<!-- \/ Yoast SEO plugin. -->","yoast_head_json":{"title":"PRODUCCI\u00d3N LOCAL Y DE PEQUE\u00d1A ESCALA - Dom\u00e9nica Zambrano","robots":{"index":"index","follow":"follow","max-snippet":"max-snippet:-1","max-image-preview":"max-image-preview:large","max-video-preview":"max-video-preview:-1"},"canonical":"https:\/\/domenicaz.site\/index.php\/eje-4\/4b\/4bb\/","og_locale":"es_ES","og_type":"article","og_title":"PRODUCCI\u00d3N LOCAL Y DE PEQUE\u00d1A ESCALA - Dom\u00e9nica Zambrano","og_description":"La producci\u00f3n local fabricar ropa cerca de donde se vende y se usa\u2014 no es solo una palabra bonita, sino una formidable herramienta de sostenibilidad ambiental. \ud83d\udccd Ventajas ambientales \ud83d\udccd Menor huella de carbono Producir cerca de donde se compra significa que gran parte de las emisiones asociadas con transporte, almacenamiento y log\u00edstica se reducen, [&hellip;]","og_url":"https:\/\/domenicaz.site\/index.php\/eje-4\/4b\/4bb\/","og_site_name":"Dom\u00e9nica Zambrano","article_modified_time":"2026-01-22T01:37:32+00:00","og_image":[{"width":1024,"height":768,"url":"https:\/\/domenicaz.site\/wp-content\/uploads\/2026\/01\/Mapa-Conceptual-Esquema-Infantil-Sencillo-Multicolor.jpg","type":"image\/jpeg"}],"twitter_card":"summary_large_image","twitter_misc":{"Tiempo de lectura":"2 minutos"},"schema":{"@context":"https:\/\/schema.org","@graph":[{"@type":"WebPage","@id":"https:\/\/domenicaz.site\/index.php\/eje-4\/4b\/4bb\/","url":"https:\/\/domenicaz.site\/index.php\/eje-4\/4b\/4bb\/","name":"PRODUCCI\u00d3N LOCAL Y DE PEQUE\u00d1A ESCALA - Dom\u00e9nica Zambrano","isPartOf":{"@id":"https:\/\/domenicaz.site\/#website"},"primaryImageOfPage":{"@id":"https:\/\/domenicaz.site\/index.php\/eje-4\/4b\/4bb\/#primaryimage"},"image":{"@id":"https:\/\/domenicaz.site\/index.php\/eje-4\/4b\/4bb\/#primaryimage"},"thumbnailUrl":"https:\/\/domenicaz.site\/wp-content\/uploads\/2026\/01\/Mapa-Conceptual-Esquema-Infantil-Sencillo-Multicolor.jpg","datePublished":"2026-01-18T18:32:55+00:00","dateModified":"2026-01-22T01:37:32+00:00","breadcrumb":{"@id":"https:\/\/domenicaz.site\/index.php\/eje-4\/4b\/4bb\/#breadcrumb"},"inLanguage":"es","potentialAction":[{"@type":"ReadAction","target":["https:\/\/domenicaz.site\/index.php\/eje-4\/4b\/4bb\/"]}]},{"@type":"ImageObject","inLanguage":"es","@id":"https:\/\/domenicaz.site\/index.php\/eje-4\/4b\/4bb\/#primaryimage","url":"https:\/\/domenicaz.site\/wp-content\/uploads\/2026\/01\/Mapa-Conceptual-Esquema-Infantil-Sencillo-Multicolor.jpg","contentUrl":"https:\/\/domenicaz.site\/wp-content\/uploads\/2026\/01\/Mapa-Conceptual-Esquema-Infantil-Sencillo-Multicolor.jpg","width":1024,"height":768},{"@type":"BreadcrumbList","@id":"https:\/\/domenicaz.site\/index.php\/eje-4\/4b\/4bb\/#breadcrumb","itemListElement":[{"@type":"ListItem","position":1,"name":"Portada","item":"https:\/\/domenicaz.site\/"},{"@type":"ListItem","position":2,"name":"SOSTENIBILIDAD AMBIENTAL","item":"https:\/\/domenicaz.site\/index.php\/eje-4\/"},{"@type":"ListItem","position":3,"name":"CUANDO LO VERDE ES SOLO MARKETING","item":"https:\/\/domenicaz.site\/index.php\/eje-4\/4b\/"},{"@type":"ListItem","position":4,"name":"PRODUCCI\u00d3N LOCAL Y DE PEQUE\u00d1A ESCALA"}]},{"@type":"WebSite","@id":"https:\/\/domenicaz.site\/#website","url":"https:\/\/domenicaz.site\/","name":"Dom\u00e9nica Zambrano","description":"","potentialAction":[{"@type":"SearchAction","target":{"@type":"EntryPoint","urlTemplate":"https:\/\/domenicaz.site\/?s={search_term_string}"},"query-input":{"@type":"PropertyValueSpecification","valueRequired":true,"valueName":"search_term_string"}}],"inLanguage":"es"}]}},"_links":{"self":[{"href":"https:\/\/domenicaz.site\/index.php\/wp-json\/wp\/v2\/pages\/505","targetHints":{"allow":["GET"]}}],"collection":[{"href":"https:\/\/domenicaz.site\/index.php\/wp-json\/wp\/v2\/pages"}],"about":[{"href":"https:\/\/domenicaz.site\/index.php\/wp-json\/wp\/v2\/types\/page"}],"author":[{"embeddable":true,"href":"https:\/\/domenicaz.site\/index.php\/wp-json\/wp\/v2\/users\/1"}],"replies":[{"embeddable":true,"href":"https:\/\/domenicaz.site\/index.php\/wp-json\/wp\/v2\/comments?post=505"}],"version-history":[{"count":3,"href":"https:\/\/domenicaz.site\/index.php\/wp-json\/wp\/v2\/pages\/505\/revisions"}],"predecessor-version":[{"id":593,"href":"https:\/\/domenicaz.site\/index.php\/wp-json\/wp\/v2\/pages\/505\/revisions\/593"}],"up":[{"embeddable":true,"href":"https:\/\/domenicaz.site\/index.php\/wp-json\/wp\/v2\/pages\/344"}],"wp:attachment":[{"href":"https:\/\/domenicaz.site\/index.php\/wp-json\/wp\/v2\/media?parent=505"}],"curies":[{"name":"wp","href":"https:\/\/api.w.org\/{rel}","templated":true}]}}