{"id":472,"date":"2026-01-17T20:20:35","date_gmt":"2026-01-18T01:20:35","guid":{"rendered":"https:\/\/domenicaz.site\/?page_id=472"},"modified":"2026-01-21T20:33:02","modified_gmt":"2026-01-22T01:33:02","slug":"3cc-crear-tu-propio-ritual-de-consumo","status":"publish","type":"page","link":"https:\/\/domenicaz.site\/index.php\/eje-3\/3c\/3cc-crear-tu-propio-ritual-de-consumo\/","title":{"rendered":"CREAR TU PROPIO RITUAL DE CONSUMO"},"content":{"rendered":"\n<p><strong><em>\ud83e\udde0 Test interactivo<\/em><\/strong><\/p>\n\n\n\n<h3 class=\"wp-block-heading\"><strong>Antes de empezar<\/strong><\/h3>\n\n\n\n<p>No existe una sola forma correcta de consumir moda.<br>Existen decisiones, h\u00e1bitos y emociones que se repiten a veces sin darnos cuenta cada vez que elegimos qu\u00e9 vestir.<\/p>\n\n\n\n<p>Este test no busca juzgarte ni encasillarte.<br>Es una invitaci\u00f3n a observar tu relaci\u00f3n con la ropa con m\u00e1s atenci\u00f3n, pausa y honestidad.<\/p>\n\n\n\n<h3 class=\"wp-block-heading\"><strong>C\u00f3mo funciona<\/strong><\/h3>\n\n\n\n<p>Responde de forma intuitiva.<br>La primera opci\u00f3n que sientas suele ser la m\u00e1s verdadera.<\/p>\n\n\n\n<p>Al final, descubrir\u00e1s qu\u00e9 tipo de consumidora eres hoy.<br>No como una etiqueta, sino como un punto de partida.<\/p>\n\n\n\n<p>Porque el consumo consciente no empieza en la tienda,<br>empieza en la pregunta.<\/p>\n\n\n\n<figure class=\"wp-block-embed aligncenter is-type-wp-embed is-provider-genially wp-block-embed-genially\"><div class=\"wp-block-embed__wrapper\">\n<iframe class=\"wp-embedded-content\" sandbox=\"allow-scripts\" security=\"restricted\" title=\"\u00bfQu\u00e9 tipo de consumidora eres?\" frameborder='0' width='1200' height='675' src='https:\/\/view.genially.com\/696c5193af35c890c5f19287#?secret=xASSlMmSAa' data-secret='xASSlMmSAa' scrolling='yes'><\/iframe>\n<\/div><\/figure>\n\n\n\n<h3 class=\"wp-block-heading\">Resultados del test (perfiles)<\/h3>\n\n\n\n<p><strong>\ud83c\udf2a\ufe0f La impulsiva consciente en proceso<\/strong><br>Est\u00e1s despertando. El primer paso ya lo diste: cuestionarte.<\/p>\n\n\n\n<p><strong>\ud83e\ude9e La editora de su armario<\/strong><br>Compras con intenci\u00f3n y sabes lo que te funciona.<\/p>\n\n\n\n<p><strong>\ud83c\udf31 La consumidora consciente<\/strong><br>Tus decisiones reflejan coherencia y compromiso.<\/p>\n\n\n\n<p><strong>\ud83d\udcad La emocional intuitiva<\/strong><br>Tu estilo nace desde lo que sientes, no desde lo que se impone.<\/p>\n\n\n\n<div class=\"wp-block-buttons is-layout-flex wp-block-buttons-is-layout-flex\">\n<div class=\"wp-block-button\"><a class=\"wp-block-button__link wp-element-button\" href=\"https:\/\/domenicaz.site\/index.php\/eje-3\/\">Regresar<\/a><\/div>\n<\/div>\n","protected":false},"excerpt":{"rendered":"<p>\ud83e\udde0 Test interactivo Antes de empezar No existe una sola forma correcta de consumir moda.Existen decisiones, h\u00e1bitos y emociones que se repiten a veces sin darnos cuenta cada vez que elegimos qu\u00e9 vestir. Este test no busca juzgarte ni encasillarte.Es una invitaci\u00f3n a observar tu relaci\u00f3n con la ropa con m\u00e1s atenci\u00f3n, pausa y honestidad. [&hellip;]<\/p>\n","protected":false},"author":1,"featured_media":0,"parent":340,"menu_order":3,"comment_status":"closed","ping_status":"closed","template":"","meta":{"footnotes":""},"class_list":["post-472","page","type-page","status-publish","hentry"],"yoast_head":"<!-- This site is optimized with the Yoast SEO plugin v26.4 - https:\/\/yoast.com\/wordpress\/plugins\/seo\/ -->\n<title>CREAR TU PROPIO RITUAL DE CONSUMO - Dom\u00e9nica Zambrano<\/title>\n<meta name=\"robots\" content=\"index, follow, max-snippet:-1, max-image-preview:large, max-video-preview:-1\" \/>\n<link rel=\"canonical\" href=\"https:\/\/domenicaz.site\/index.php\/eje-3\/3c\/3cc-crear-tu-propio-ritual-de-consumo\/\" \/>\n<meta property=\"og:locale\" content=\"es_ES\" \/>\n<meta property=\"og:type\" content=\"article\" \/>\n<meta property=\"og:title\" content=\"CREAR TU PROPIO RITUAL DE CONSUMO - Dom\u00e9nica Zambrano\" \/>\n<meta property=\"og:description\" content=\"\ud83e\udde0 Test interactivo Antes de empezar No existe una sola forma correcta de consumir moda.Existen decisiones, h\u00e1bitos y emociones que se repiten a veces sin darnos cuenta cada vez que elegimos qu\u00e9 vestir. Este test no busca juzgarte ni encasillarte.Es una invitaci\u00f3n a observar tu relaci\u00f3n con la ropa con m\u00e1s atenci\u00f3n, pausa y honestidad. [&hellip;]\" \/>\n<meta property=\"og:url\" content=\"https:\/\/domenicaz.site\/index.php\/eje-3\/3c\/3cc-crear-tu-propio-ritual-de-consumo\/\" \/>\n<meta property=\"og:site_name\" content=\"Dom\u00e9nica Zambrano\" \/>\n<meta property=\"article:modified_time\" content=\"2026-01-22T01:33:02+00:00\" \/>\n<meta name=\"twitter:card\" content=\"summary_large_image\" \/>\n<meta name=\"twitter:label1\" content=\"Tiempo de lectura\" \/>\n\t<meta name=\"twitter:data1\" content=\"1 minuto\" \/>\n<script type=\"application\/ld+json\" class=\"yoast-schema-graph\">{\"@context\":\"https:\/\/schema.org\",\"@graph\":[{\"@type\":\"WebPage\",\"@id\":\"https:\/\/domenicaz.site\/index.php\/eje-3\/3c\/3cc-crear-tu-propio-ritual-de-consumo\/\",\"url\":\"https:\/\/domenicaz.site\/index.php\/eje-3\/3c\/3cc-crear-tu-propio-ritual-de-consumo\/\",\"name\":\"CREAR TU PROPIO RITUAL DE CONSUMO - Dom\u00e9nica Zambrano\",\"isPartOf\":{\"@id\":\"https:\/\/domenicaz.site\/#website\"},\"datePublished\":\"2026-01-18T01:20:35+00:00\",\"dateModified\":\"2026-01-22T01:33:02+00:00\",\"breadcrumb\":{\"@id\":\"https:\/\/domenicaz.site\/index.php\/eje-3\/3c\/3cc-crear-tu-propio-ritual-de-consumo\/#breadcrumb\"},\"inLanguage\":\"es\",\"potentialAction\":[{\"@type\":\"ReadAction\",\"target\":[\"https:\/\/domenicaz.site\/index.php\/eje-3\/3c\/3cc-crear-tu-propio-ritual-de-consumo\/\"]}]},{\"@type\":\"BreadcrumbList\",\"@id\":\"https:\/\/domenicaz.site\/index.php\/eje-3\/3c\/3cc-crear-tu-propio-ritual-de-consumo\/#breadcrumb\",\"itemListElement\":[{\"@type\":\"ListItem\",\"position\":1,\"name\":\"Portada\",\"item\":\"https:\/\/domenicaz.site\/\"},{\"@type\":\"ListItem\",\"position\":2,\"name\":\"CONSUMO CONSCIENTE\",\"item\":\"https:\/\/domenicaz.site\/index.php\/eje-3\/\"},{\"@type\":\"ListItem\",\"position\":3,\"name\":\"CUIDAR ES PARTE DE CONSUMIR\",\"item\":\"https:\/\/domenicaz.site\/index.php\/eje-3\/3c\/\"},{\"@type\":\"ListItem\",\"position\":4,\"name\":\"CREAR TU PROPIO RITUAL DE CONSUMO\"}]},{\"@type\":\"WebSite\",\"@id\":\"https:\/\/domenicaz.site\/#website\",\"url\":\"https:\/\/domenicaz.site\/\",\"name\":\"Dom\u00e9nica Zambrano\",\"description\":\"\",\"potentialAction\":[{\"@type\":\"SearchAction\",\"target\":{\"@type\":\"EntryPoint\",\"urlTemplate\":\"https:\/\/domenicaz.site\/?s={search_term_string}\"},\"query-input\":{\"@type\":\"PropertyValueSpecification\",\"valueRequired\":true,\"valueName\":\"search_term_string\"}}],\"inLanguage\":\"es\"}]}<\/script>\n<!-- \/ Yoast SEO plugin. -->","yoast_head_json":{"title":"CREAR TU PROPIO RITUAL DE CONSUMO - Dom\u00e9nica Zambrano","robots":{"index":"index","follow":"follow","max-snippet":"max-snippet:-1","max-image-preview":"max-image-preview:large","max-video-preview":"max-video-preview:-1"},"canonical":"https:\/\/domenicaz.site\/index.php\/eje-3\/3c\/3cc-crear-tu-propio-ritual-de-consumo\/","og_locale":"es_ES","og_type":"article","og_title":"CREAR TU PROPIO RITUAL DE CONSUMO - Dom\u00e9nica Zambrano","og_description":"\ud83e\udde0 Test interactivo Antes de empezar No existe una sola forma correcta de consumir moda.Existen decisiones, h\u00e1bitos y emociones que se repiten a veces sin darnos cuenta cada vez que elegimos qu\u00e9 vestir. Este test no busca juzgarte ni encasillarte.Es una invitaci\u00f3n a observar tu relaci\u00f3n con la ropa con m\u00e1s atenci\u00f3n, pausa y honestidad. [&hellip;]","og_url":"https:\/\/domenicaz.site\/index.php\/eje-3\/3c\/3cc-crear-tu-propio-ritual-de-consumo\/","og_site_name":"Dom\u00e9nica Zambrano","article_modified_time":"2026-01-22T01:33:02+00:00","twitter_card":"summary_large_image","twitter_misc":{"Tiempo de lectura":"1 minuto"},"schema":{"@context":"https:\/\/schema.org","@graph":[{"@type":"WebPage","@id":"https:\/\/domenicaz.site\/index.php\/eje-3\/3c\/3cc-crear-tu-propio-ritual-de-consumo\/","url":"https:\/\/domenicaz.site\/index.php\/eje-3\/3c\/3cc-crear-tu-propio-ritual-de-consumo\/","name":"CREAR TU PROPIO RITUAL DE CONSUMO - Dom\u00e9nica Zambrano","isPartOf":{"@id":"https:\/\/domenicaz.site\/#website"},"datePublished":"2026-01-18T01:20:35+00:00","dateModified":"2026-01-22T01:33:02+00:00","breadcrumb":{"@id":"https:\/\/domenicaz.site\/index.php\/eje-3\/3c\/3cc-crear-tu-propio-ritual-de-consumo\/#breadcrumb"},"inLanguage":"es","potentialAction":[{"@type":"ReadAction","target":["https:\/\/domenicaz.site\/index.php\/eje-3\/3c\/3cc-crear-tu-propio-ritual-de-consumo\/"]}]},{"@type":"BreadcrumbList","@id":"https:\/\/domenicaz.site\/index.php\/eje-3\/3c\/3cc-crear-tu-propio-ritual-de-consumo\/#breadcrumb","itemListElement":[{"@type":"ListItem","position":1,"name":"Portada","item":"https:\/\/domenicaz.site\/"},{"@type":"ListItem","position":2,"name":"CONSUMO CONSCIENTE","item":"https:\/\/domenicaz.site\/index.php\/eje-3\/"},{"@type":"ListItem","position":3,"name":"CUIDAR ES PARTE DE CONSUMIR","item":"https:\/\/domenicaz.site\/index.php\/eje-3\/3c\/"},{"@type":"ListItem","position":4,"name":"CREAR TU PROPIO RITUAL DE CONSUMO"}]},{"@type":"WebSite","@id":"https:\/\/domenicaz.site\/#website","url":"https:\/\/domenicaz.site\/","name":"Dom\u00e9nica Zambrano","description":"","potentialAction":[{"@type":"SearchAction","target":{"@type":"EntryPoint","urlTemplate":"https:\/\/domenicaz.site\/?s={search_term_string}"},"query-input":{"@type":"PropertyValueSpecification","valueRequired":true,"valueName":"search_term_string"}}],"inLanguage":"es"}]}},"_links":{"self":[{"href":"https:\/\/domenicaz.site\/index.php\/wp-json\/wp\/v2\/pages\/472","targetHints":{"allow":["GET"]}}],"collection":[{"href":"https:\/\/domenicaz.site\/index.php\/wp-json\/wp\/v2\/pages"}],"about":[{"href":"https:\/\/domenicaz.site\/index.php\/wp-json\/wp\/v2\/types\/page"}],"author":[{"embeddable":true,"href":"https:\/\/domenicaz.site\/index.php\/wp-json\/wp\/v2\/users\/1"}],"replies":[{"embeddable":true,"href":"https:\/\/domenicaz.site\/index.php\/wp-json\/wp\/v2\/comments?post=472"}],"version-history":[{"count":4,"href":"https:\/\/domenicaz.site\/index.php\/wp-json\/wp\/v2\/pages\/472\/revisions"}],"predecessor-version":[{"id":587,"href":"https:\/\/domenicaz.site\/index.php\/wp-json\/wp\/v2\/pages\/472\/revisions\/587"}],"up":[{"embeddable":true,"href":"https:\/\/domenicaz.site\/index.php\/wp-json\/wp\/v2\/pages\/340"}],"wp:attachment":[{"href":"https:\/\/domenicaz.site\/index.php\/wp-json\/wp\/v2\/media?parent=472"}],"curies":[{"name":"wp","href":"https:\/\/api.w.org\/{rel}","templated":true}]}}