{"id":408,"date":"2026-01-16T21:43:58","date_gmt":"2026-01-17T02:43:58","guid":{"rendered":"https:\/\/domenicaz.site\/?page_id=408"},"modified":"2026-01-21T20:16:28","modified_gmt":"2026-01-22T01:16:28","slug":"1cc-el-nuevo-lujo","status":"publish","type":"page","link":"https:\/\/domenicaz.site\/index.php\/eje-1\/1c\/1cc-el-nuevo-lujo\/","title":{"rendered":"EL NUEVO LUJO"},"content":{"rendered":"\n<p><em><strong><sub>El lujo ahora es elegir con intenci\u00f3n.<\/sub><\/strong><\/em><\/p>\n\n\n\n<div class=\"wp-block-group\"><div class=\"wp-block-group__inner-container is-layout-constrained wp-block-group-is-layout-constrained\">\n<figure class=\"wp-block-video\"><video height=\"816\" style=\"aspect-ratio: 464 \/ 816;\" width=\"464\" controls src=\"https:\/\/domenicaz.site\/wp-content\/uploads\/2026\/01\/WhatsApp-Video-2026-01-16-at-9.55.24-PM.mp4\"><\/video><figcaption class=\"wp-element-caption\">Instagram Dome Zambrano<\/figcaption><\/figure>\n<\/div><\/div>\n\n\n\n<h3 class=\"wp-block-heading\"><em>Segunda mano, reutilizar, repetir outfits<\/em><\/h3>\n\n\n\n<p>Durante d\u00e9cadas, el lujo estuvo asociado a lo exclusivo, lo nuevo y lo inalcanzable. Hoy, ese concepto empieza a transformarse. En un contexto de sobreproducci\u00f3n y consumo excesivo, el verdadero lujo ya no es tener m\u00e1s, sino <strong>elegir mejor<\/strong>.<\/p>\n\n\n\n<p>La moda sostenible redefine el valor de una prenda. Comprar de segunda mano deja de ser una alternativa y se convierte en una elecci\u00f3n consciente y estil\u00edstica. Reutilizar y repetir outfits ya no es sin\u00f3nimo de falta de creatividad, sino de coherencia y personalidad. Las prendas adquieren historia, car\u00e1cter y permanencia.<\/p>\n\n\n\n<p>Influencers, editoras de moda y consumidoras j\u00f3venes han comenzado a visibilizar esta nueva narrativa: armarios m\u00e1s peque\u00f1os, prendas vers\u00e1tiles y estilismos pensados para durar. El lujo se desplaza del exceso al significado, del impulso a la intenci\u00f3n.<\/p>\n\n\n\n<p>En este nuevo escenario, vestirse bien no depende de la cantidad, sino de la mirada. Porque lo verdaderamente exclusivo hoy es <strong>saber elegir<\/strong>.<\/p>\n\n\n\n<figure class=\"wp-block-image size-large\"><img loading=\"lazy\" decoding=\"async\" width=\"906\" height=\"1359\" src=\"https:\/\/domenicaz.site\/wp-content\/uploads\/2026\/01\/ChatGPT-Image-16-ene-2026-21_50_40-edited.png\" alt=\"\" class=\"wp-image-413\" srcset=\"https:\/\/domenicaz.site\/wp-content\/uploads\/2026\/01\/ChatGPT-Image-16-ene-2026-21_50_40-edited.png 906w, https:\/\/domenicaz.site\/wp-content\/uploads\/2026\/01\/ChatGPT-Image-16-ene-2026-21_50_40-edited-200x300.png 200w, https:\/\/domenicaz.site\/wp-content\/uploads\/2026\/01\/ChatGPT-Image-16-ene-2026-21_50_40-edited-683x1024.png 683w, https:\/\/domenicaz.site\/wp-content\/uploads\/2026\/01\/ChatGPT-Image-16-ene-2026-21_50_40-edited-768x1152.png 768w\" sizes=\"auto, (max-width: 906px) 100vw, 906px\" \/><\/figure>\n\n\n\n<details class=\"wp-block-details is-layout-flow wp-block-details-is-layout-flow\"><summary>TE LEO EN LOS COMENTARIOS <\/summary>\n<p><\/p>\n<\/details>\n\n\n\n<div class=\"wp-block-buttons is-layout-flex wp-block-buttons-is-layout-flex\">\n<div class=\"wp-block-button\"><a class=\"wp-block-button__link wp-element-button\" href=\"https:\/\/domenicaz.site\/index.php\/eje-1\/\">Regresar<\/a><\/div>\n<\/div>\n","protected":false},"excerpt":{"rendered":"<p>El lujo ahora es elegir con intenci\u00f3n. Segunda mano, reutilizar, repetir outfits Durante d\u00e9cadas, el lujo estuvo asociado a lo exclusivo, lo nuevo y lo inalcanzable. Hoy, ese concepto empieza a transformarse. En un contexto de sobreproducci\u00f3n y consumo excesivo, el verdadero lujo ya no es tener m\u00e1s, sino elegir mejor. La moda sostenible redefine [&hellip;]<\/p>\n","protected":false},"author":1,"featured_media":0,"parent":328,"menu_order":3,"comment_status":"closed","ping_status":"closed","template":"","meta":{"footnotes":""},"class_list":["post-408","page","type-page","status-publish","hentry"],"yoast_head":"<!-- This site is optimized with the Yoast SEO plugin v26.4 - https:\/\/yoast.com\/wordpress\/plugins\/seo\/ -->\n<title>EL NUEVO LUJO - Dom\u00e9nica Zambrano<\/title>\n<meta name=\"robots\" content=\"index, follow, max-snippet:-1, max-image-preview:large, max-video-preview:-1\" \/>\n<link rel=\"canonical\" href=\"https:\/\/domenicaz.site\/index.php\/eje-1\/1c\/1cc-el-nuevo-lujo\/\" \/>\n<meta property=\"og:locale\" content=\"es_ES\" \/>\n<meta property=\"og:type\" content=\"article\" \/>\n<meta property=\"og:title\" content=\"EL NUEVO LUJO - Dom\u00e9nica Zambrano\" \/>\n<meta property=\"og:description\" content=\"El lujo ahora es elegir con intenci\u00f3n. Segunda mano, reutilizar, repetir outfits Durante d\u00e9cadas, el lujo estuvo asociado a lo exclusivo, lo nuevo y lo inalcanzable. Hoy, ese concepto empieza a transformarse. En un contexto de sobreproducci\u00f3n y consumo excesivo, el verdadero lujo ya no es tener m\u00e1s, sino elegir mejor. La moda sostenible redefine [&hellip;]\" \/>\n<meta property=\"og:url\" content=\"https:\/\/domenicaz.site\/index.php\/eje-1\/1c\/1cc-el-nuevo-lujo\/\" \/>\n<meta property=\"og:site_name\" content=\"Dom\u00e9nica Zambrano\" \/>\n<meta property=\"article:modified_time\" content=\"2026-01-22T01:16:28+00:00\" \/>\n<meta property=\"og:image\" content=\"https:\/\/domenicaz.site\/wp-content\/uploads\/2026\/01\/ChatGPT-Image-16-ene-2026-21_50_40-edited-683x1024.png\" \/>\n\t<meta property=\"og:image:width\" content=\"683\" \/>\n\t<meta property=\"og:image:height\" content=\"1024\" \/>\n\t<meta property=\"og:image:type\" content=\"image\/png\" \/>\n<meta name=\"twitter:card\" content=\"summary_large_image\" \/>\n<meta name=\"twitter:label1\" content=\"Tiempo de lectura\" \/>\n\t<meta name=\"twitter:data1\" content=\"1 minuto\" \/>\n<script type=\"application\/ld+json\" class=\"yoast-schema-graph\">{\"@context\":\"https:\/\/schema.org\",\"@graph\":[{\"@type\":\"WebPage\",\"@id\":\"https:\/\/domenicaz.site\/index.php\/eje-1\/1c\/1cc-el-nuevo-lujo\/\",\"url\":\"https:\/\/domenicaz.site\/index.php\/eje-1\/1c\/1cc-el-nuevo-lujo\/\",\"name\":\"EL NUEVO LUJO - Dom\u00e9nica Zambrano\",\"isPartOf\":{\"@id\":\"https:\/\/domenicaz.site\/#website\"},\"primaryImageOfPage\":{\"@id\":\"https:\/\/domenicaz.site\/index.php\/eje-1\/1c\/1cc-el-nuevo-lujo\/#primaryimage\"},\"image\":{\"@id\":\"https:\/\/domenicaz.site\/index.php\/eje-1\/1c\/1cc-el-nuevo-lujo\/#primaryimage\"},\"thumbnailUrl\":\"https:\/\/domenicaz.site\/wp-content\/uploads\/2026\/01\/ChatGPT-Image-16-ene-2026-21_50_40-edited.png\",\"datePublished\":\"2026-01-17T02:43:58+00:00\",\"dateModified\":\"2026-01-22T01:16:28+00:00\",\"breadcrumb\":{\"@id\":\"https:\/\/domenicaz.site\/index.php\/eje-1\/1c\/1cc-el-nuevo-lujo\/#breadcrumb\"},\"inLanguage\":\"es\",\"potentialAction\":[{\"@type\":\"ReadAction\",\"target\":[\"https:\/\/domenicaz.site\/index.php\/eje-1\/1c\/1cc-el-nuevo-lujo\/\"]}]},{\"@type\":\"ImageObject\",\"inLanguage\":\"es\",\"@id\":\"https:\/\/domenicaz.site\/index.php\/eje-1\/1c\/1cc-el-nuevo-lujo\/#primaryimage\",\"url\":\"https:\/\/domenicaz.site\/wp-content\/uploads\/2026\/01\/ChatGPT-Image-16-ene-2026-21_50_40-edited.png\",\"contentUrl\":\"https:\/\/domenicaz.site\/wp-content\/uploads\/2026\/01\/ChatGPT-Image-16-ene-2026-21_50_40-edited.png\",\"width\":906,\"height\":1359},{\"@type\":\"BreadcrumbList\",\"@id\":\"https:\/\/domenicaz.site\/index.php\/eje-1\/1c\/1cc-el-nuevo-lujo\/#breadcrumb\",\"itemListElement\":[{\"@type\":\"ListItem\",\"position\":1,\"name\":\"Portada\",\"item\":\"https:\/\/domenicaz.site\/\"},{\"@type\":\"ListItem\",\"position\":2,\"name\":\"\u00bfQU\u00c9 ES LA MODA SOSTENIBLE?\",\"item\":\"https:\/\/domenicaz.site\/index.php\/eje-1\/\"},{\"@type\":\"ListItem\",\"position\":3,\"name\":\"VESTIRSE COMO ACTO DE IDENTIDAD\",\"item\":\"https:\/\/domenicaz.site\/index.php\/eje-1\/1c\/\"},{\"@type\":\"ListItem\",\"position\":4,\"name\":\"EL NUEVO LUJO\"}]},{\"@type\":\"WebSite\",\"@id\":\"https:\/\/domenicaz.site\/#website\",\"url\":\"https:\/\/domenicaz.site\/\",\"name\":\"Dom\u00e9nica Zambrano\",\"description\":\"\",\"potentialAction\":[{\"@type\":\"SearchAction\",\"target\":{\"@type\":\"EntryPoint\",\"urlTemplate\":\"https:\/\/domenicaz.site\/?s={search_term_string}\"},\"query-input\":{\"@type\":\"PropertyValueSpecification\",\"valueRequired\":true,\"valueName\":\"search_term_string\"}}],\"inLanguage\":\"es\"}]}<\/script>\n<!-- \/ Yoast SEO plugin. -->","yoast_head_json":{"title":"EL NUEVO LUJO - Dom\u00e9nica Zambrano","robots":{"index":"index","follow":"follow","max-snippet":"max-snippet:-1","max-image-preview":"max-image-preview:large","max-video-preview":"max-video-preview:-1"},"canonical":"https:\/\/domenicaz.site\/index.php\/eje-1\/1c\/1cc-el-nuevo-lujo\/","og_locale":"es_ES","og_type":"article","og_title":"EL NUEVO LUJO - Dom\u00e9nica Zambrano","og_description":"El lujo ahora es elegir con intenci\u00f3n. Segunda mano, reutilizar, repetir outfits Durante d\u00e9cadas, el lujo estuvo asociado a lo exclusivo, lo nuevo y lo inalcanzable. Hoy, ese concepto empieza a transformarse. En un contexto de sobreproducci\u00f3n y consumo excesivo, el verdadero lujo ya no es tener m\u00e1s, sino elegir mejor. La moda sostenible redefine [&hellip;]","og_url":"https:\/\/domenicaz.site\/index.php\/eje-1\/1c\/1cc-el-nuevo-lujo\/","og_site_name":"Dom\u00e9nica Zambrano","article_modified_time":"2026-01-22T01:16:28+00:00","og_image":[{"width":683,"height":1024,"url":"https:\/\/domenicaz.site\/wp-content\/uploads\/2026\/01\/ChatGPT-Image-16-ene-2026-21_50_40-edited-683x1024.png","type":"image\/png"}],"twitter_card":"summary_large_image","twitter_misc":{"Tiempo de lectura":"1 minuto"},"schema":{"@context":"https:\/\/schema.org","@graph":[{"@type":"WebPage","@id":"https:\/\/domenicaz.site\/index.php\/eje-1\/1c\/1cc-el-nuevo-lujo\/","url":"https:\/\/domenicaz.site\/index.php\/eje-1\/1c\/1cc-el-nuevo-lujo\/","name":"EL NUEVO LUJO - Dom\u00e9nica Zambrano","isPartOf":{"@id":"https:\/\/domenicaz.site\/#website"},"primaryImageOfPage":{"@id":"https:\/\/domenicaz.site\/index.php\/eje-1\/1c\/1cc-el-nuevo-lujo\/#primaryimage"},"image":{"@id":"https:\/\/domenicaz.site\/index.php\/eje-1\/1c\/1cc-el-nuevo-lujo\/#primaryimage"},"thumbnailUrl":"https:\/\/domenicaz.site\/wp-content\/uploads\/2026\/01\/ChatGPT-Image-16-ene-2026-21_50_40-edited.png","datePublished":"2026-01-17T02:43:58+00:00","dateModified":"2026-01-22T01:16:28+00:00","breadcrumb":{"@id":"https:\/\/domenicaz.site\/index.php\/eje-1\/1c\/1cc-el-nuevo-lujo\/#breadcrumb"},"inLanguage":"es","potentialAction":[{"@type":"ReadAction","target":["https:\/\/domenicaz.site\/index.php\/eje-1\/1c\/1cc-el-nuevo-lujo\/"]}]},{"@type":"ImageObject","inLanguage":"es","@id":"https:\/\/domenicaz.site\/index.php\/eje-1\/1c\/1cc-el-nuevo-lujo\/#primaryimage","url":"https:\/\/domenicaz.site\/wp-content\/uploads\/2026\/01\/ChatGPT-Image-16-ene-2026-21_50_40-edited.png","contentUrl":"https:\/\/domenicaz.site\/wp-content\/uploads\/2026\/01\/ChatGPT-Image-16-ene-2026-21_50_40-edited.png","width":906,"height":1359},{"@type":"BreadcrumbList","@id":"https:\/\/domenicaz.site\/index.php\/eje-1\/1c\/1cc-el-nuevo-lujo\/#breadcrumb","itemListElement":[{"@type":"ListItem","position":1,"name":"Portada","item":"https:\/\/domenicaz.site\/"},{"@type":"ListItem","position":2,"name":"\u00bfQU\u00c9 ES LA MODA SOSTENIBLE?","item":"https:\/\/domenicaz.site\/index.php\/eje-1\/"},{"@type":"ListItem","position":3,"name":"VESTIRSE COMO ACTO DE IDENTIDAD","item":"https:\/\/domenicaz.site\/index.php\/eje-1\/1c\/"},{"@type":"ListItem","position":4,"name":"EL NUEVO LUJO"}]},{"@type":"WebSite","@id":"https:\/\/domenicaz.site\/#website","url":"https:\/\/domenicaz.site\/","name":"Dom\u00e9nica Zambrano","description":"","potentialAction":[{"@type":"SearchAction","target":{"@type":"EntryPoint","urlTemplate":"https:\/\/domenicaz.site\/?s={search_term_string}"},"query-input":{"@type":"PropertyValueSpecification","valueRequired":true,"valueName":"search_term_string"}}],"inLanguage":"es"}]}},"_links":{"self":[{"href":"https:\/\/domenicaz.site\/index.php\/wp-json\/wp\/v2\/pages\/408","targetHints":{"allow":["GET"]}}],"collection":[{"href":"https:\/\/domenicaz.site\/index.php\/wp-json\/wp\/v2\/pages"}],"about":[{"href":"https:\/\/domenicaz.site\/index.php\/wp-json\/wp\/v2\/types\/page"}],"author":[{"embeddable":true,"href":"https:\/\/domenicaz.site\/index.php\/wp-json\/wp\/v2\/users\/1"}],"replies":[{"embeddable":true,"href":"https:\/\/domenicaz.site\/index.php\/wp-json\/wp\/v2\/comments?post=408"}],"version-history":[{"count":6,"href":"https:\/\/domenicaz.site\/index.php\/wp-json\/wp\/v2\/pages\/408\/revisions"}],"predecessor-version":[{"id":558,"href":"https:\/\/domenicaz.site\/index.php\/wp-json\/wp\/v2\/pages\/408\/revisions\/558"}],"up":[{"embeddable":true,"href":"https:\/\/domenicaz.site\/index.php\/wp-json\/wp\/v2\/pages\/328"}],"wp:attachment":[{"href":"https:\/\/domenicaz.site\/index.php\/wp-json\/wp\/v2\/media?parent=408"}],"curies":[{"name":"wp","href":"https:\/\/api.w.org\/{rel}","templated":true}]}}