{"id":364,"date":"2026-01-16T16:25:05","date_gmt":"2026-01-16T21:25:05","guid":{"rendered":"https:\/\/domenicaz.site\/?page_id=364"},"modified":"2026-01-21T20:13:17","modified_gmt":"2026-01-22T01:13:17","slug":"1aa-el-despertar-de-una-industria","status":"publish","type":"page","link":"https:\/\/domenicaz.site\/index.php\/eje-1\/1a\/1aa-el-despertar-de-una-industria\/","title":{"rendered":"EL DESPERTAR DE UNA INDUSTRIA"},"content":{"rendered":"<h4 style=\"text-align: center;\"><strong>La moda no cambi\u00f3 porque quiso, cambi\u00f3 porque ya no pod\u00eda mirar a otro lado.<\/strong><\/h4>\n\n<div class=\"wp-block-image\">\n<figure class=\"aligncenter size-large is-resized\"><img loading=\"lazy\" decoding=\"async\" width=\"683\" height=\"1024\" src=\"https:\/\/domenicaz.site\/wp-content\/uploads\/2026\/01\/ChatGPT-Image-16-ene-2026-16_23_28-683x1024.png\" alt=\"\" class=\"wp-image-365\" style=\"aspect-ratio:0.6670024061328409;width:668px;height:auto\" srcset=\"https:\/\/domenicaz.site\/wp-content\/uploads\/2026\/01\/ChatGPT-Image-16-ene-2026-16_23_28-683x1024.png 683w, https:\/\/domenicaz.site\/wp-content\/uploads\/2026\/01\/ChatGPT-Image-16-ene-2026-16_23_28-200x300.png 200w, https:\/\/domenicaz.site\/wp-content\/uploads\/2026\/01\/ChatGPT-Image-16-ene-2026-16_23_28-768x1152.png 768w, https:\/\/domenicaz.site\/wp-content\/uploads\/2026\/01\/ChatGPT-Image-16-ene-2026-16_23_28.png 1024w\" sizes=\"auto, (max-width: 683px) 100vw, 683px\" \/><\/figure>\n<\/div>\n\n\n<div class=\"wp-block-buttons is-layout-flex wp-block-buttons-is-layout-flex\">\n<div class=\"wp-block-button\"><a class=\"wp-block-button__link wp-element-button\" href=\"https:\/\/domenicaz.site\/index.php\/eje-1\/\">Regresar<\/a><\/div>\n<\/div>\n","protected":false},"excerpt":{"rendered":"<p>La moda no cambi\u00f3 porque quiso, cambi\u00f3 porque ya no pod\u00eda mirar a otro lado.<\/p>\n","protected":false},"author":1,"featured_media":0,"parent":324,"menu_order":1,"comment_status":"closed","ping_status":"closed","template":"","meta":{"footnotes":""},"class_list":["post-364","page","type-page","status-publish","hentry"],"yoast_head":"<!-- This site is optimized with the Yoast SEO plugin v26.4 - https:\/\/yoast.com\/wordpress\/plugins\/seo\/ -->\n<title>EL DESPERTAR DE UNA INDUSTRIA - Dom\u00e9nica Zambrano<\/title>\n<meta name=\"robots\" content=\"index, follow, max-snippet:-1, max-image-preview:large, max-video-preview:-1\" \/>\n<link rel=\"canonical\" href=\"https:\/\/domenicaz.site\/index.php\/eje-1\/1a\/1aa-el-despertar-de-una-industria\/\" \/>\n<meta property=\"og:locale\" content=\"es_ES\" \/>\n<meta property=\"og:type\" content=\"article\" \/>\n<meta property=\"og:title\" content=\"EL DESPERTAR DE UNA INDUSTRIA - Dom\u00e9nica Zambrano\" \/>\n<meta property=\"og:description\" content=\"La moda no cambi\u00f3 porque quiso, cambi\u00f3 porque ya no pod\u00eda mirar a otro lado.\" \/>\n<meta property=\"og:url\" content=\"https:\/\/domenicaz.site\/index.php\/eje-1\/1a\/1aa-el-despertar-de-una-industria\/\" \/>\n<meta property=\"og:site_name\" content=\"Dom\u00e9nica Zambrano\" \/>\n<meta property=\"article:modified_time\" content=\"2026-01-22T01:13:17+00:00\" \/>\n<meta property=\"og:image\" content=\"https:\/\/domenicaz.site\/wp-content\/uploads\/2026\/01\/ChatGPT-Image-16-ene-2026-16_23_28.png\" \/>\n\t<meta property=\"og:image:width\" content=\"1024\" \/>\n\t<meta property=\"og:image:height\" content=\"1536\" \/>\n\t<meta property=\"og:image:type\" content=\"image\/png\" \/>\n<meta name=\"twitter:card\" content=\"summary_large_image\" \/>\n<meta name=\"twitter:label1\" content=\"Tiempo de lectura\" \/>\n\t<meta name=\"twitter:data1\" content=\"1 minuto\" \/>\n<script type=\"application\/ld+json\" class=\"yoast-schema-graph\">{\"@context\":\"https:\/\/schema.org\",\"@graph\":[{\"@type\":\"WebPage\",\"@id\":\"https:\/\/domenicaz.site\/index.php\/eje-1\/1a\/1aa-el-despertar-de-una-industria\/\",\"url\":\"https:\/\/domenicaz.site\/index.php\/eje-1\/1a\/1aa-el-despertar-de-una-industria\/\",\"name\":\"EL DESPERTAR DE UNA INDUSTRIA - Dom\u00e9nica Zambrano\",\"isPartOf\":{\"@id\":\"https:\/\/domenicaz.site\/#website\"},\"primaryImageOfPage\":{\"@id\":\"https:\/\/domenicaz.site\/index.php\/eje-1\/1a\/1aa-el-despertar-de-una-industria\/#primaryimage\"},\"image\":{\"@id\":\"https:\/\/domenicaz.site\/index.php\/eje-1\/1a\/1aa-el-despertar-de-una-industria\/#primaryimage\"},\"thumbnailUrl\":\"https:\/\/domenicaz.site\/wp-content\/uploads\/2026\/01\/ChatGPT-Image-16-ene-2026-16_23_28-683x1024.png\",\"datePublished\":\"2026-01-16T21:25:05+00:00\",\"dateModified\":\"2026-01-22T01:13:17+00:00\",\"breadcrumb\":{\"@id\":\"https:\/\/domenicaz.site\/index.php\/eje-1\/1a\/1aa-el-despertar-de-una-industria\/#breadcrumb\"},\"inLanguage\":\"es\",\"potentialAction\":[{\"@type\":\"ReadAction\",\"target\":[\"https:\/\/domenicaz.site\/index.php\/eje-1\/1a\/1aa-el-despertar-de-una-industria\/\"]}]},{\"@type\":\"ImageObject\",\"inLanguage\":\"es\",\"@id\":\"https:\/\/domenicaz.site\/index.php\/eje-1\/1a\/1aa-el-despertar-de-una-industria\/#primaryimage\",\"url\":\"https:\/\/domenicaz.site\/wp-content\/uploads\/2026\/01\/ChatGPT-Image-16-ene-2026-16_23_28.png\",\"contentUrl\":\"https:\/\/domenicaz.site\/wp-content\/uploads\/2026\/01\/ChatGPT-Image-16-ene-2026-16_23_28.png\",\"width\":1024,\"height\":1536},{\"@type\":\"BreadcrumbList\",\"@id\":\"https:\/\/domenicaz.site\/index.php\/eje-1\/1a\/1aa-el-despertar-de-una-industria\/#breadcrumb\",\"itemListElement\":[{\"@type\":\"ListItem\",\"position\":1,\"name\":\"Portada\",\"item\":\"https:\/\/domenicaz.site\/\"},{\"@type\":\"ListItem\",\"position\":2,\"name\":\"\u00bfQU\u00c9 ES LA MODA SOSTENIBLE?\",\"item\":\"https:\/\/domenicaz.site\/index.php\/eje-1\/\"},{\"@type\":\"ListItem\",\"position\":3,\"name\":\"CUANDO LA MODA EMPIEZA A CUESTIONARSE\",\"item\":\"https:\/\/domenicaz.site\/index.php\/eje-1\/1a\/\"},{\"@type\":\"ListItem\",\"position\":4,\"name\":\"EL DESPERTAR DE UNA INDUSTRIA\"}]},{\"@type\":\"WebSite\",\"@id\":\"https:\/\/domenicaz.site\/#website\",\"url\":\"https:\/\/domenicaz.site\/\",\"name\":\"Dom\u00e9nica Zambrano\",\"description\":\"\",\"potentialAction\":[{\"@type\":\"SearchAction\",\"target\":{\"@type\":\"EntryPoint\",\"urlTemplate\":\"https:\/\/domenicaz.site\/?s={search_term_string}\"},\"query-input\":{\"@type\":\"PropertyValueSpecification\",\"valueRequired\":true,\"valueName\":\"search_term_string\"}}],\"inLanguage\":\"es\"}]}<\/script>\n<!-- \/ Yoast SEO plugin. -->","yoast_head_json":{"title":"EL DESPERTAR DE UNA INDUSTRIA - Dom\u00e9nica Zambrano","robots":{"index":"index","follow":"follow","max-snippet":"max-snippet:-1","max-image-preview":"max-image-preview:large","max-video-preview":"max-video-preview:-1"},"canonical":"https:\/\/domenicaz.site\/index.php\/eje-1\/1a\/1aa-el-despertar-de-una-industria\/","og_locale":"es_ES","og_type":"article","og_title":"EL DESPERTAR DE UNA INDUSTRIA - Dom\u00e9nica Zambrano","og_description":"La moda no cambi\u00f3 porque quiso, cambi\u00f3 porque ya no pod\u00eda mirar a otro lado.","og_url":"https:\/\/domenicaz.site\/index.php\/eje-1\/1a\/1aa-el-despertar-de-una-industria\/","og_site_name":"Dom\u00e9nica Zambrano","article_modified_time":"2026-01-22T01:13:17+00:00","og_image":[{"width":1024,"height":1536,"url":"https:\/\/domenicaz.site\/wp-content\/uploads\/2026\/01\/ChatGPT-Image-16-ene-2026-16_23_28.png","type":"image\/png"}],"twitter_card":"summary_large_image","twitter_misc":{"Tiempo de lectura":"1 minuto"},"schema":{"@context":"https:\/\/schema.org","@graph":[{"@type":"WebPage","@id":"https:\/\/domenicaz.site\/index.php\/eje-1\/1a\/1aa-el-despertar-de-una-industria\/","url":"https:\/\/domenicaz.site\/index.php\/eje-1\/1a\/1aa-el-despertar-de-una-industria\/","name":"EL DESPERTAR DE UNA INDUSTRIA - Dom\u00e9nica Zambrano","isPartOf":{"@id":"https:\/\/domenicaz.site\/#website"},"primaryImageOfPage":{"@id":"https:\/\/domenicaz.site\/index.php\/eje-1\/1a\/1aa-el-despertar-de-una-industria\/#primaryimage"},"image":{"@id":"https:\/\/domenicaz.site\/index.php\/eje-1\/1a\/1aa-el-despertar-de-una-industria\/#primaryimage"},"thumbnailUrl":"https:\/\/domenicaz.site\/wp-content\/uploads\/2026\/01\/ChatGPT-Image-16-ene-2026-16_23_28-683x1024.png","datePublished":"2026-01-16T21:25:05+00:00","dateModified":"2026-01-22T01:13:17+00:00","breadcrumb":{"@id":"https:\/\/domenicaz.site\/index.php\/eje-1\/1a\/1aa-el-despertar-de-una-industria\/#breadcrumb"},"inLanguage":"es","potentialAction":[{"@type":"ReadAction","target":["https:\/\/domenicaz.site\/index.php\/eje-1\/1a\/1aa-el-despertar-de-una-industria\/"]}]},{"@type":"ImageObject","inLanguage":"es","@id":"https:\/\/domenicaz.site\/index.php\/eje-1\/1a\/1aa-el-despertar-de-una-industria\/#primaryimage","url":"https:\/\/domenicaz.site\/wp-content\/uploads\/2026\/01\/ChatGPT-Image-16-ene-2026-16_23_28.png","contentUrl":"https:\/\/domenicaz.site\/wp-content\/uploads\/2026\/01\/ChatGPT-Image-16-ene-2026-16_23_28.png","width":1024,"height":1536},{"@type":"BreadcrumbList","@id":"https:\/\/domenicaz.site\/index.php\/eje-1\/1a\/1aa-el-despertar-de-una-industria\/#breadcrumb","itemListElement":[{"@type":"ListItem","position":1,"name":"Portada","item":"https:\/\/domenicaz.site\/"},{"@type":"ListItem","position":2,"name":"\u00bfQU\u00c9 ES LA MODA SOSTENIBLE?","item":"https:\/\/domenicaz.site\/index.php\/eje-1\/"},{"@type":"ListItem","position":3,"name":"CUANDO LA MODA EMPIEZA A CUESTIONARSE","item":"https:\/\/domenicaz.site\/index.php\/eje-1\/1a\/"},{"@type":"ListItem","position":4,"name":"EL DESPERTAR DE UNA INDUSTRIA"}]},{"@type":"WebSite","@id":"https:\/\/domenicaz.site\/#website","url":"https:\/\/domenicaz.site\/","name":"Dom\u00e9nica Zambrano","description":"","potentialAction":[{"@type":"SearchAction","target":{"@type":"EntryPoint","urlTemplate":"https:\/\/domenicaz.site\/?s={search_term_string}"},"query-input":{"@type":"PropertyValueSpecification","valueRequired":true,"valueName":"search_term_string"}}],"inLanguage":"es"}]}},"_links":{"self":[{"href":"https:\/\/domenicaz.site\/index.php\/wp-json\/wp\/v2\/pages\/364","targetHints":{"allow":["GET"]}}],"collection":[{"href":"https:\/\/domenicaz.site\/index.php\/wp-json\/wp\/v2\/pages"}],"about":[{"href":"https:\/\/domenicaz.site\/index.php\/wp-json\/wp\/v2\/types\/page"}],"author":[{"embeddable":true,"href":"https:\/\/domenicaz.site\/index.php\/wp-json\/wp\/v2\/users\/1"}],"replies":[{"embeddable":true,"href":"https:\/\/domenicaz.site\/index.php\/wp-json\/wp\/v2\/comments?post=364"}],"version-history":[{"count":3,"href":"https:\/\/domenicaz.site\/index.php\/wp-json\/wp\/v2\/pages\/364\/revisions"}],"predecessor-version":[{"id":552,"href":"https:\/\/domenicaz.site\/index.php\/wp-json\/wp\/v2\/pages\/364\/revisions\/552"}],"up":[{"embeddable":true,"href":"https:\/\/domenicaz.site\/index.php\/wp-json\/wp\/v2\/pages\/324"}],"wp:attachment":[{"href":"https:\/\/domenicaz.site\/index.php\/wp-json\/wp\/v2\/media?parent=364"}],"curies":[{"name":"wp","href":"https:\/\/api.w.org\/{rel}","templated":true}]}}