{"id":346,"date":"2026-01-14T21:21:52","date_gmt":"2026-01-15T02:21:52","guid":{"rendered":"https:\/\/domenicaz.site\/?page_id=346"},"modified":"2026-01-21T20:38:02","modified_gmt":"2026-01-22T01:38:02","slug":"4c","status":"publish","type":"page","link":"https:\/\/domenicaz.site\/index.php\/eje-4\/4c\/","title":{"rendered":"ALARGAR LA VIDA TAMBI\u00c9N ES SOSTENIBILIDAD"},"content":{"rendered":"\n<p class=\"has-text-align-center\"><strong><em>La prenda m\u00e1s sostenible es la que ya existe<\/em><\/strong><\/p>\n\n\n<div class=\"wp-block-image\">\n<figure class=\"aligncenter size-large\"><img loading=\"lazy\" decoding=\"async\" width=\"724\" height=\"1024\" src=\"https:\/\/domenicaz.site\/wp-content\/uploads\/2026\/01\/Documento-A4-linea-de-tiempo-de-historia-y-arte-ilustrativo-historico-marron-y-beis-724x1024.jpg\" alt=\"\" class=\"wp-image-542\" srcset=\"https:\/\/domenicaz.site\/wp-content\/uploads\/2026\/01\/Documento-A4-linea-de-tiempo-de-historia-y-arte-ilustrativo-historico-marron-y-beis-724x1024.jpg 724w, https:\/\/domenicaz.site\/wp-content\/uploads\/2026\/01\/Documento-A4-linea-de-tiempo-de-historia-y-arte-ilustrativo-historico-marron-y-beis-212x300.jpg 212w, https:\/\/domenicaz.site\/wp-content\/uploads\/2026\/01\/Documento-A4-linea-de-tiempo-de-historia-y-arte-ilustrativo-historico-marron-y-beis-768x1086.jpg 768w, https:\/\/domenicaz.site\/wp-content\/uploads\/2026\/01\/Documento-A4-linea-de-tiempo-de-historia-y-arte-ilustrativo-historico-marron-y-beis-1086x1536.jpg 1086w, https:\/\/domenicaz.site\/wp-content\/uploads\/2026\/01\/Documento-A4-linea-de-tiempo-de-historia-y-arte-ilustrativo-historico-marron-y-beis-1024x1448.jpg 1024w, https:\/\/domenicaz.site\/wp-content\/uploads\/2026\/01\/Documento-A4-linea-de-tiempo-de-historia-y-arte-ilustrativo-historico-marron-y-beis.jpg 1414w\" sizes=\"auto, (max-width: 724px) 100vw, 724px\" \/><\/figure>\n<\/div>\n\n\n<p>En un sistema donde la moda se produce a gran velocidad, la acci\u00f3n m\u00e1s sostenible no siempre es comprar algo nuevo \u201cmejor\u201d, sino <strong>usar m\u00e1s lo que ya tenemos<\/strong>. Cada prenda guarda una carga ambiental acumulada: agua, energ\u00eda, transporte y emisiones que ya ocurrieron. Cuando se desecha r\u00e1pido, todo ese impacto se pierde sin haber sido aprovechado.<\/p>\n\n\n\n<blockquote class=\"wp-block-quote is-layout-flow wp-block-quote-is-layout-flow\">\n<p>Cada vez que alargas la vida de una prenda,<br>reduces la necesidad de crear otra.<\/p>\n<\/blockquote>\n\n\n\n<p>Extender la vida \u00fatil de una prenda usarla m\u00e1s veces, cuidarla mejor o darle un nuevo uso reduce la necesidad de producir ropa nueva y, con ello, disminuye el consumo de recursos naturales y la generaci\u00f3n de residuos textiles. Incluso peque\u00f1os cambios, como duplicar el n\u00famero de usos de una prenda, pueden reducir significativamente su huella ambiental.<\/p>\n\n\n\n<p>Reutilizar, transformar o intercambiar ropa rompe con la l\u00f3gica de \u201cusar y tirar\u201d y propone una relaci\u00f3n m\u00e1s lenta y consciente con el vestir. La sostenibilidad, en este sentido, no depende de tendencias ni de presupuestos, sino de <strong>decisiones cotidianas<\/strong>.<\/p>\n\n\n\n<div class=\"wp-block-buttons is-content-justification-center is-layout-flex wp-container-core-buttons-is-layout-16018d1d wp-block-buttons-is-layout-flex\">\n<div class=\"wp-block-button\"><a class=\"wp-block-button__link wp-element-button\" href=\"https:\/\/domenicaz.site\/index.php\/eje-4\/4c\/4cc\/\">Tu huella como consumidora<\/a><\/div>\n<\/div>\n","protected":false},"excerpt":{"rendered":"<p>La prenda m\u00e1s sostenible es la que ya existe En un sistema donde la moda se produce a gran velocidad, la acci\u00f3n m\u00e1s sostenible no siempre es comprar algo nuevo \u201cmejor\u201d, sino usar m\u00e1s lo que ya tenemos. Cada prenda guarda una carga ambiental acumulada: agua, energ\u00eda, transporte y emisiones que ya ocurrieron. Cuando se [&hellip;]<\/p>\n","protected":false},"author":1,"featured_media":0,"parent":321,"menu_order":3,"comment_status":"closed","ping_status":"closed","template":"","meta":{"footnotes":""},"class_list":["post-346","page","type-page","status-publish","hentry"],"yoast_head":"<!-- This site is optimized with the Yoast SEO plugin v26.4 - https:\/\/yoast.com\/wordpress\/plugins\/seo\/ -->\n<title>ALARGAR LA VIDA TAMBI\u00c9N ES SOSTENIBILIDAD - Dom\u00e9nica Zambrano<\/title>\n<meta name=\"robots\" content=\"index, follow, max-snippet:-1, max-image-preview:large, max-video-preview:-1\" \/>\n<link rel=\"canonical\" href=\"https:\/\/domenicaz.site\/index.php\/eje-4\/4c\/\" \/>\n<meta property=\"og:locale\" content=\"es_ES\" \/>\n<meta property=\"og:type\" content=\"article\" \/>\n<meta property=\"og:title\" content=\"ALARGAR LA VIDA TAMBI\u00c9N ES SOSTENIBILIDAD - Dom\u00e9nica Zambrano\" \/>\n<meta property=\"og:description\" content=\"La prenda m\u00e1s sostenible es la que ya existe En un sistema donde la moda se produce a gran velocidad, la acci\u00f3n m\u00e1s sostenible no siempre es comprar algo nuevo \u201cmejor\u201d, sino usar m\u00e1s lo que ya tenemos. Cada prenda guarda una carga ambiental acumulada: agua, energ\u00eda, transporte y emisiones que ya ocurrieron. Cuando se [&hellip;]\" \/>\n<meta property=\"og:url\" content=\"https:\/\/domenicaz.site\/index.php\/eje-4\/4c\/\" \/>\n<meta property=\"og:site_name\" content=\"Dom\u00e9nica Zambrano\" \/>\n<meta property=\"article:modified_time\" content=\"2026-01-22T01:38:02+00:00\" \/>\n<meta property=\"og:image\" content=\"https:\/\/domenicaz.site\/wp-content\/uploads\/2026\/01\/Documento-A4-linea-de-tiempo-de-historia-y-arte-ilustrativo-historico-marron-y-beis.jpg\" \/>\n\t<meta property=\"og:image:width\" content=\"1414\" \/>\n\t<meta property=\"og:image:height\" content=\"2000\" \/>\n\t<meta property=\"og:image:type\" content=\"image\/jpeg\" \/>\n<meta name=\"twitter:card\" content=\"summary_large_image\" \/>\n<meta name=\"twitter:label1\" content=\"Tiempo de lectura\" \/>\n\t<meta name=\"twitter:data1\" content=\"1 minuto\" \/>\n<script type=\"application\/ld+json\" class=\"yoast-schema-graph\">{\"@context\":\"https:\/\/schema.org\",\"@graph\":[{\"@type\":\"WebPage\",\"@id\":\"https:\/\/domenicaz.site\/index.php\/eje-4\/4c\/\",\"url\":\"https:\/\/domenicaz.site\/index.php\/eje-4\/4c\/\",\"name\":\"ALARGAR LA VIDA TAMBI\u00c9N ES SOSTENIBILIDAD - Dom\u00e9nica Zambrano\",\"isPartOf\":{\"@id\":\"https:\/\/domenicaz.site\/#website\"},\"primaryImageOfPage\":{\"@id\":\"https:\/\/domenicaz.site\/index.php\/eje-4\/4c\/#primaryimage\"},\"image\":{\"@id\":\"https:\/\/domenicaz.site\/index.php\/eje-4\/4c\/#primaryimage\"},\"thumbnailUrl\":\"https:\/\/domenicaz.site\/wp-content\/uploads\/2026\/01\/Documento-A4-linea-de-tiempo-de-historia-y-arte-ilustrativo-historico-marron-y-beis-724x1024.jpg\",\"datePublished\":\"2026-01-15T02:21:52+00:00\",\"dateModified\":\"2026-01-22T01:38:02+00:00\",\"breadcrumb\":{\"@id\":\"https:\/\/domenicaz.site\/index.php\/eje-4\/4c\/#breadcrumb\"},\"inLanguage\":\"es\",\"potentialAction\":[{\"@type\":\"ReadAction\",\"target\":[\"https:\/\/domenicaz.site\/index.php\/eje-4\/4c\/\"]}]},{\"@type\":\"ImageObject\",\"inLanguage\":\"es\",\"@id\":\"https:\/\/domenicaz.site\/index.php\/eje-4\/4c\/#primaryimage\",\"url\":\"https:\/\/domenicaz.site\/wp-content\/uploads\/2026\/01\/Documento-A4-linea-de-tiempo-de-historia-y-arte-ilustrativo-historico-marron-y-beis.jpg\",\"contentUrl\":\"https:\/\/domenicaz.site\/wp-content\/uploads\/2026\/01\/Documento-A4-linea-de-tiempo-de-historia-y-arte-ilustrativo-historico-marron-y-beis.jpg\",\"width\":1414,\"height\":2000},{\"@type\":\"BreadcrumbList\",\"@id\":\"https:\/\/domenicaz.site\/index.php\/eje-4\/4c\/#breadcrumb\",\"itemListElement\":[{\"@type\":\"ListItem\",\"position\":1,\"name\":\"Portada\",\"item\":\"https:\/\/domenicaz.site\/\"},{\"@type\":\"ListItem\",\"position\":2,\"name\":\"SOSTENIBILIDAD AMBIENTAL\",\"item\":\"https:\/\/domenicaz.site\/index.php\/eje-4\/\"},{\"@type\":\"ListItem\",\"position\":3,\"name\":\"ALARGAR LA VIDA TAMBI\u00c9N ES SOSTENIBILIDAD\"}]},{\"@type\":\"WebSite\",\"@id\":\"https:\/\/domenicaz.site\/#website\",\"url\":\"https:\/\/domenicaz.site\/\",\"name\":\"Dom\u00e9nica Zambrano\",\"description\":\"\",\"potentialAction\":[{\"@type\":\"SearchAction\",\"target\":{\"@type\":\"EntryPoint\",\"urlTemplate\":\"https:\/\/domenicaz.site\/?s={search_term_string}\"},\"query-input\":{\"@type\":\"PropertyValueSpecification\",\"valueRequired\":true,\"valueName\":\"search_term_string\"}}],\"inLanguage\":\"es\"}]}<\/script>\n<!-- \/ Yoast SEO plugin. -->","yoast_head_json":{"title":"ALARGAR LA VIDA TAMBI\u00c9N ES SOSTENIBILIDAD - Dom\u00e9nica Zambrano","robots":{"index":"index","follow":"follow","max-snippet":"max-snippet:-1","max-image-preview":"max-image-preview:large","max-video-preview":"max-video-preview:-1"},"canonical":"https:\/\/domenicaz.site\/index.php\/eje-4\/4c\/","og_locale":"es_ES","og_type":"article","og_title":"ALARGAR LA VIDA TAMBI\u00c9N ES SOSTENIBILIDAD - Dom\u00e9nica Zambrano","og_description":"La prenda m\u00e1s sostenible es la que ya existe En un sistema donde la moda se produce a gran velocidad, la acci\u00f3n m\u00e1s sostenible no siempre es comprar algo nuevo \u201cmejor\u201d, sino usar m\u00e1s lo que ya tenemos. Cada prenda guarda una carga ambiental acumulada: agua, energ\u00eda, transporte y emisiones que ya ocurrieron. Cuando se [&hellip;]","og_url":"https:\/\/domenicaz.site\/index.php\/eje-4\/4c\/","og_site_name":"Dom\u00e9nica Zambrano","article_modified_time":"2026-01-22T01:38:02+00:00","og_image":[{"width":1414,"height":2000,"url":"https:\/\/domenicaz.site\/wp-content\/uploads\/2026\/01\/Documento-A4-linea-de-tiempo-de-historia-y-arte-ilustrativo-historico-marron-y-beis.jpg","type":"image\/jpeg"}],"twitter_card":"summary_large_image","twitter_misc":{"Tiempo de lectura":"1 minuto"},"schema":{"@context":"https:\/\/schema.org","@graph":[{"@type":"WebPage","@id":"https:\/\/domenicaz.site\/index.php\/eje-4\/4c\/","url":"https:\/\/domenicaz.site\/index.php\/eje-4\/4c\/","name":"ALARGAR LA VIDA TAMBI\u00c9N ES SOSTENIBILIDAD - Dom\u00e9nica Zambrano","isPartOf":{"@id":"https:\/\/domenicaz.site\/#website"},"primaryImageOfPage":{"@id":"https:\/\/domenicaz.site\/index.php\/eje-4\/4c\/#primaryimage"},"image":{"@id":"https:\/\/domenicaz.site\/index.php\/eje-4\/4c\/#primaryimage"},"thumbnailUrl":"https:\/\/domenicaz.site\/wp-content\/uploads\/2026\/01\/Documento-A4-linea-de-tiempo-de-historia-y-arte-ilustrativo-historico-marron-y-beis-724x1024.jpg","datePublished":"2026-01-15T02:21:52+00:00","dateModified":"2026-01-22T01:38:02+00:00","breadcrumb":{"@id":"https:\/\/domenicaz.site\/index.php\/eje-4\/4c\/#breadcrumb"},"inLanguage":"es","potentialAction":[{"@type":"ReadAction","target":["https:\/\/domenicaz.site\/index.php\/eje-4\/4c\/"]}]},{"@type":"ImageObject","inLanguage":"es","@id":"https:\/\/domenicaz.site\/index.php\/eje-4\/4c\/#primaryimage","url":"https:\/\/domenicaz.site\/wp-content\/uploads\/2026\/01\/Documento-A4-linea-de-tiempo-de-historia-y-arte-ilustrativo-historico-marron-y-beis.jpg","contentUrl":"https:\/\/domenicaz.site\/wp-content\/uploads\/2026\/01\/Documento-A4-linea-de-tiempo-de-historia-y-arte-ilustrativo-historico-marron-y-beis.jpg","width":1414,"height":2000},{"@type":"BreadcrumbList","@id":"https:\/\/domenicaz.site\/index.php\/eje-4\/4c\/#breadcrumb","itemListElement":[{"@type":"ListItem","position":1,"name":"Portada","item":"https:\/\/domenicaz.site\/"},{"@type":"ListItem","position":2,"name":"SOSTENIBILIDAD AMBIENTAL","item":"https:\/\/domenicaz.site\/index.php\/eje-4\/"},{"@type":"ListItem","position":3,"name":"ALARGAR LA VIDA TAMBI\u00c9N ES SOSTENIBILIDAD"}]},{"@type":"WebSite","@id":"https:\/\/domenicaz.site\/#website","url":"https:\/\/domenicaz.site\/","name":"Dom\u00e9nica Zambrano","description":"","potentialAction":[{"@type":"SearchAction","target":{"@type":"EntryPoint","urlTemplate":"https:\/\/domenicaz.site\/?s={search_term_string}"},"query-input":{"@type":"PropertyValueSpecification","valueRequired":true,"valueName":"search_term_string"}}],"inLanguage":"es"}]}},"_links":{"self":[{"href":"https:\/\/domenicaz.site\/index.php\/wp-json\/wp\/v2\/pages\/346","targetHints":{"allow":["GET"]}}],"collection":[{"href":"https:\/\/domenicaz.site\/index.php\/wp-json\/wp\/v2\/pages"}],"about":[{"href":"https:\/\/domenicaz.site\/index.php\/wp-json\/wp\/v2\/types\/page"}],"author":[{"embeddable":true,"href":"https:\/\/domenicaz.site\/index.php\/wp-json\/wp\/v2\/users\/1"}],"replies":[{"embeddable":true,"href":"https:\/\/domenicaz.site\/index.php\/wp-json\/wp\/v2\/comments?post=346"}],"version-history":[{"count":4,"href":"https:\/\/domenicaz.site\/index.php\/wp-json\/wp\/v2\/pages\/346\/revisions"}],"predecessor-version":[{"id":594,"href":"https:\/\/domenicaz.site\/index.php\/wp-json\/wp\/v2\/pages\/346\/revisions\/594"}],"up":[{"embeddable":true,"href":"https:\/\/domenicaz.site\/index.php\/wp-json\/wp\/v2\/pages\/321"}],"wp:attachment":[{"href":"https:\/\/domenicaz.site\/index.php\/wp-json\/wp\/v2\/media?parent=346"}],"curies":[{"name":"wp","href":"https:\/\/api.w.org\/{rel}","templated":true}]}}