{"id":340,"date":"2026-01-14T21:16:23","date_gmt":"2026-01-15T02:16:23","guid":{"rendered":"https:\/\/domenicaz.site\/?page_id=340"},"modified":"2026-01-21T20:31:46","modified_gmt":"2026-01-22T01:31:46","slug":"3c","status":"publish","type":"page","link":"https:\/\/domenicaz.site\/index.php\/eje-3\/3c\/","title":{"rendered":"CUIDAR ES PARTE DE CONSUMIR"},"content":{"rendered":"\n<h2 class=\"wp-block-heading\"><em>Cuidar tambi\u00e9n es una decisi\u00f3n<\/em><\/h2>\n\n\n<div class=\"wp-block-image\">\n<figure class=\"aligncenter size-large\"><img loading=\"lazy\" decoding=\"async\" width=\"683\" height=\"1024\" src=\"https:\/\/domenicaz.site\/wp-content\/uploads\/2026\/01\/ChatGPT-Image-17-ene-2026-21_32_07-683x1024.png\" alt=\"\" class=\"wp-image-487\" srcset=\"https:\/\/domenicaz.site\/wp-content\/uploads\/2026\/01\/ChatGPT-Image-17-ene-2026-21_32_07-683x1024.png 683w, https:\/\/domenicaz.site\/wp-content\/uploads\/2026\/01\/ChatGPT-Image-17-ene-2026-21_32_07-200x300.png 200w, https:\/\/domenicaz.site\/wp-content\/uploads\/2026\/01\/ChatGPT-Image-17-ene-2026-21_32_07-768x1152.png 768w, https:\/\/domenicaz.site\/wp-content\/uploads\/2026\/01\/ChatGPT-Image-17-ene-2026-21_32_07.png 1024w\" sizes=\"auto, (max-width: 683px) 100vw, 683px\" \/><\/figure>\n<\/div>\n\n\n<p>En una industria obsesionada con lo nuevo, cuidar se vuelve un acto silencioso de resistencia.<br>La vida de una prenda no termina cuando sale de la tienda, sino cuando dejamos de prestarle atenci\u00f3n.<\/p>\n\n\n\n<p>Lavar con conciencia, reparar con paciencia y guardar con cuidado no son gestos menores: son formas de consumo responsable que alargan el tiempo, reducen el desperdicio y transforman la relaci\u00f3n con lo que vestimos.<\/p>\n\n\n\n<p>Porque consumir no es solo comprar.<br>Tambi\u00e9n es <strong>cuidar lo que ya elegimos<\/strong>.<\/p>\n\n\n\n<div class=\"wp-block-buttons is-content-justification-center is-layout-flex wp-container-core-buttons-is-layout-16018d1d wp-block-buttons-is-layout-flex\">\n<div class=\"wp-block-button\"><a class=\"wp-block-button__link wp-element-button\" href=\"https:\/\/domenicaz.site\/index.php\/3cc-crear-tu-propio-ritual-de-consumo\/\">Crear tu propio ritual de consumo<\/a><\/div>\n<\/div>\n","protected":false},"excerpt":{"rendered":"<p>Cuidar tambi\u00e9n es una decisi\u00f3n En una industria obsesionada con lo nuevo, cuidar se vuelve un acto silencioso de resistencia.La vida de una prenda no termina cuando sale de la tienda, sino cuando dejamos de prestarle atenci\u00f3n. Lavar con conciencia, reparar con paciencia y guardar con cuidado no son gestos menores: son formas de consumo [&hellip;]<\/p>\n","protected":false},"author":1,"featured_media":0,"parent":319,"menu_order":3,"comment_status":"closed","ping_status":"closed","template":"","meta":{"footnotes":""},"class_list":["post-340","page","type-page","status-publish","hentry"],"yoast_head":"<!-- This site is optimized with the Yoast SEO plugin v26.4 - https:\/\/yoast.com\/wordpress\/plugins\/seo\/ -->\n<title>CUIDAR ES PARTE DE CONSUMIR - Dom\u00e9nica Zambrano<\/title>\n<meta name=\"robots\" content=\"index, follow, max-snippet:-1, max-image-preview:large, max-video-preview:-1\" \/>\n<link rel=\"canonical\" href=\"https:\/\/domenicaz.site\/index.php\/eje-3\/3c\/\" \/>\n<meta property=\"og:locale\" content=\"es_ES\" \/>\n<meta property=\"og:type\" content=\"article\" \/>\n<meta property=\"og:title\" content=\"CUIDAR ES PARTE DE CONSUMIR - Dom\u00e9nica Zambrano\" \/>\n<meta property=\"og:description\" content=\"Cuidar tambi\u00e9n es una decisi\u00f3n En una industria obsesionada con lo nuevo, cuidar se vuelve un acto silencioso de resistencia.La vida de una prenda no termina cuando sale de la tienda, sino cuando dejamos de prestarle atenci\u00f3n. Lavar con conciencia, reparar con paciencia y guardar con cuidado no son gestos menores: son formas de consumo [&hellip;]\" \/>\n<meta property=\"og:url\" content=\"https:\/\/domenicaz.site\/index.php\/eje-3\/3c\/\" \/>\n<meta property=\"og:site_name\" content=\"Dom\u00e9nica Zambrano\" \/>\n<meta property=\"article:modified_time\" content=\"2026-01-22T01:31:46+00:00\" \/>\n<meta property=\"og:image\" content=\"https:\/\/domenicaz.site\/wp-content\/uploads\/2026\/01\/ChatGPT-Image-17-ene-2026-21_32_07-683x1024.png\" \/>\n\t<meta property=\"og:image:width\" content=\"683\" \/>\n\t<meta property=\"og:image:height\" content=\"1024\" \/>\n\t<meta property=\"og:image:type\" content=\"image\/png\" \/>\n<meta name=\"twitter:card\" content=\"summary_large_image\" \/>\n<meta name=\"twitter:label1\" content=\"Tiempo de lectura\" \/>\n\t<meta name=\"twitter:data1\" content=\"1 minuto\" \/>\n<script type=\"application\/ld+json\" class=\"yoast-schema-graph\">{\"@context\":\"https:\/\/schema.org\",\"@graph\":[{\"@type\":\"WebPage\",\"@id\":\"https:\/\/domenicaz.site\/index.php\/eje-3\/3c\/\",\"url\":\"https:\/\/domenicaz.site\/index.php\/eje-3\/3c\/\",\"name\":\"CUIDAR ES PARTE DE CONSUMIR - Dom\u00e9nica Zambrano\",\"isPartOf\":{\"@id\":\"https:\/\/domenicaz.site\/#website\"},\"primaryImageOfPage\":{\"@id\":\"https:\/\/domenicaz.site\/index.php\/eje-3\/3c\/#primaryimage\"},\"image\":{\"@id\":\"https:\/\/domenicaz.site\/index.php\/eje-3\/3c\/#primaryimage\"},\"thumbnailUrl\":\"https:\/\/domenicaz.site\/wp-content\/uploads\/2026\/01\/ChatGPT-Image-17-ene-2026-21_32_07-683x1024.png\",\"datePublished\":\"2026-01-15T02:16:23+00:00\",\"dateModified\":\"2026-01-22T01:31:46+00:00\",\"breadcrumb\":{\"@id\":\"https:\/\/domenicaz.site\/index.php\/eje-3\/3c\/#breadcrumb\"},\"inLanguage\":\"es\",\"potentialAction\":[{\"@type\":\"ReadAction\",\"target\":[\"https:\/\/domenicaz.site\/index.php\/eje-3\/3c\/\"]}]},{\"@type\":\"ImageObject\",\"inLanguage\":\"es\",\"@id\":\"https:\/\/domenicaz.site\/index.php\/eje-3\/3c\/#primaryimage\",\"url\":\"https:\/\/domenicaz.site\/wp-content\/uploads\/2026\/01\/ChatGPT-Image-17-ene-2026-21_32_07.png\",\"contentUrl\":\"https:\/\/domenicaz.site\/wp-content\/uploads\/2026\/01\/ChatGPT-Image-17-ene-2026-21_32_07.png\",\"width\":1024,\"height\":1536},{\"@type\":\"BreadcrumbList\",\"@id\":\"https:\/\/domenicaz.site\/index.php\/eje-3\/3c\/#breadcrumb\",\"itemListElement\":[{\"@type\":\"ListItem\",\"position\":1,\"name\":\"Portada\",\"item\":\"https:\/\/domenicaz.site\/\"},{\"@type\":\"ListItem\",\"position\":2,\"name\":\"CONSUMO CONSCIENTE\",\"item\":\"https:\/\/domenicaz.site\/index.php\/eje-3\/\"},{\"@type\":\"ListItem\",\"position\":3,\"name\":\"CUIDAR ES PARTE DE CONSUMIR\"}]},{\"@type\":\"WebSite\",\"@id\":\"https:\/\/domenicaz.site\/#website\",\"url\":\"https:\/\/domenicaz.site\/\",\"name\":\"Dom\u00e9nica Zambrano\",\"description\":\"\",\"potentialAction\":[{\"@type\":\"SearchAction\",\"target\":{\"@type\":\"EntryPoint\",\"urlTemplate\":\"https:\/\/domenicaz.site\/?s={search_term_string}\"},\"query-input\":{\"@type\":\"PropertyValueSpecification\",\"valueRequired\":true,\"valueName\":\"search_term_string\"}}],\"inLanguage\":\"es\"}]}<\/script>\n<!-- \/ Yoast SEO plugin. -->","yoast_head_json":{"title":"CUIDAR ES PARTE DE CONSUMIR - Dom\u00e9nica Zambrano","robots":{"index":"index","follow":"follow","max-snippet":"max-snippet:-1","max-image-preview":"max-image-preview:large","max-video-preview":"max-video-preview:-1"},"canonical":"https:\/\/domenicaz.site\/index.php\/eje-3\/3c\/","og_locale":"es_ES","og_type":"article","og_title":"CUIDAR ES PARTE DE CONSUMIR - Dom\u00e9nica Zambrano","og_description":"Cuidar tambi\u00e9n es una decisi\u00f3n En una industria obsesionada con lo nuevo, cuidar se vuelve un acto silencioso de resistencia.La vida de una prenda no termina cuando sale de la tienda, sino cuando dejamos de prestarle atenci\u00f3n. Lavar con conciencia, reparar con paciencia y guardar con cuidado no son gestos menores: son formas de consumo [&hellip;]","og_url":"https:\/\/domenicaz.site\/index.php\/eje-3\/3c\/","og_site_name":"Dom\u00e9nica Zambrano","article_modified_time":"2026-01-22T01:31:46+00:00","og_image":[{"width":683,"height":1024,"url":"https:\/\/domenicaz.site\/wp-content\/uploads\/2026\/01\/ChatGPT-Image-17-ene-2026-21_32_07-683x1024.png","type":"image\/png"}],"twitter_card":"summary_large_image","twitter_misc":{"Tiempo de lectura":"1 minuto"},"schema":{"@context":"https:\/\/schema.org","@graph":[{"@type":"WebPage","@id":"https:\/\/domenicaz.site\/index.php\/eje-3\/3c\/","url":"https:\/\/domenicaz.site\/index.php\/eje-3\/3c\/","name":"CUIDAR ES PARTE DE CONSUMIR - Dom\u00e9nica Zambrano","isPartOf":{"@id":"https:\/\/domenicaz.site\/#website"},"primaryImageOfPage":{"@id":"https:\/\/domenicaz.site\/index.php\/eje-3\/3c\/#primaryimage"},"image":{"@id":"https:\/\/domenicaz.site\/index.php\/eje-3\/3c\/#primaryimage"},"thumbnailUrl":"https:\/\/domenicaz.site\/wp-content\/uploads\/2026\/01\/ChatGPT-Image-17-ene-2026-21_32_07-683x1024.png","datePublished":"2026-01-15T02:16:23+00:00","dateModified":"2026-01-22T01:31:46+00:00","breadcrumb":{"@id":"https:\/\/domenicaz.site\/index.php\/eje-3\/3c\/#breadcrumb"},"inLanguage":"es","potentialAction":[{"@type":"ReadAction","target":["https:\/\/domenicaz.site\/index.php\/eje-3\/3c\/"]}]},{"@type":"ImageObject","inLanguage":"es","@id":"https:\/\/domenicaz.site\/index.php\/eje-3\/3c\/#primaryimage","url":"https:\/\/domenicaz.site\/wp-content\/uploads\/2026\/01\/ChatGPT-Image-17-ene-2026-21_32_07.png","contentUrl":"https:\/\/domenicaz.site\/wp-content\/uploads\/2026\/01\/ChatGPT-Image-17-ene-2026-21_32_07.png","width":1024,"height":1536},{"@type":"BreadcrumbList","@id":"https:\/\/domenicaz.site\/index.php\/eje-3\/3c\/#breadcrumb","itemListElement":[{"@type":"ListItem","position":1,"name":"Portada","item":"https:\/\/domenicaz.site\/"},{"@type":"ListItem","position":2,"name":"CONSUMO CONSCIENTE","item":"https:\/\/domenicaz.site\/index.php\/eje-3\/"},{"@type":"ListItem","position":3,"name":"CUIDAR ES PARTE DE CONSUMIR"}]},{"@type":"WebSite","@id":"https:\/\/domenicaz.site\/#website","url":"https:\/\/domenicaz.site\/","name":"Dom\u00e9nica Zambrano","description":"","potentialAction":[{"@type":"SearchAction","target":{"@type":"EntryPoint","urlTemplate":"https:\/\/domenicaz.site\/?s={search_term_string}"},"query-input":{"@type":"PropertyValueSpecification","valueRequired":true,"valueName":"search_term_string"}}],"inLanguage":"es"}]}},"_links":{"self":[{"href":"https:\/\/domenicaz.site\/index.php\/wp-json\/wp\/v2\/pages\/340","targetHints":{"allow":["GET"]}}],"collection":[{"href":"https:\/\/domenicaz.site\/index.php\/wp-json\/wp\/v2\/pages"}],"about":[{"href":"https:\/\/domenicaz.site\/index.php\/wp-json\/wp\/v2\/types\/page"}],"author":[{"embeddable":true,"href":"https:\/\/domenicaz.site\/index.php\/wp-json\/wp\/v2\/users\/1"}],"replies":[{"embeddable":true,"href":"https:\/\/domenicaz.site\/index.php\/wp-json\/wp\/v2\/comments?post=340"}],"version-history":[{"count":4,"href":"https:\/\/domenicaz.site\/index.php\/wp-json\/wp\/v2\/pages\/340\/revisions"}],"predecessor-version":[{"id":585,"href":"https:\/\/domenicaz.site\/index.php\/wp-json\/wp\/v2\/pages\/340\/revisions\/585"}],"up":[{"embeddable":true,"href":"https:\/\/domenicaz.site\/index.php\/wp-json\/wp\/v2\/pages\/319"}],"wp:attachment":[{"href":"https:\/\/domenicaz.site\/index.php\/wp-json\/wp\/v2\/media?parent=340"}],"curies":[{"name":"wp","href":"https:\/\/api.w.org\/{rel}","templated":true}]}}