{"id":315,"date":"2026-01-14T21:01:15","date_gmt":"2026-01-15T02:01:15","guid":{"rendered":"https:\/\/domenicaz.site\/?page_id=315"},"modified":"2026-01-21T20:46:24","modified_gmt":"2026-01-22T01:46:24","slug":"eje-1","status":"publish","type":"page","link":"https:\/\/domenicaz.site\/index.php\/eje-1\/","title":{"rendered":"\u00bfQU\u00c9 ES LA MODA SOSTENIBLE?"},"content":{"rendered":"\n<figure class=\"wp-block-video aligncenter\"><video height=\"480\" style=\"aspect-ratio: 912 \/ 480;\" width=\"912\" controls src=\"https:\/\/domenicaz.site\/wp-content\/uploads\/2026\/01\/WhatsApp-Video-2026-01-16-at-7.16.56-PM-1.mp4\"><\/video><\/figure>\n\n\n\n<p class=\"has-text-align-left\">La moda ya no se define solo por tendencias, pasarelas o temporadas. Hoy tambi\u00e9n se define por las preguntas que se hace.<br><strong>\u00bfDe d\u00f3nde viene lo que usamos? \u00bfQui\u00e9n lo hizo? \u00bfQu\u00e9 impacto deja?<\/strong><\/p>\n\n\n\n<p class=\"has-text-align-left\">La moda sostenible nace cuando el estilo decide mirar m\u00e1s all\u00e1 de la superficie. No elimina el deseo: lo transforma. Propone una relaci\u00f3n m\u00e1s consciente con la ropa, donde la belleza convive con la responsabilidad y el tiempo vuelve a tener valor.<\/p>\n\n\n\n<blockquote class=\"wp-block-quote is-layout-flow wp-block-quote-is-layout-flow\">\n<p class=\"has-text-align-center\"><strong>\u201cBuy less, choose well, make it last.\u201d<\/strong><\/p>\n\n\n\n<p class=\"has-text-align-center\"><img loading=\"lazy\" decoding=\"async\" width=\"150\" height=\"150\" class=\"wp-image-370\" style=\"width: 150px;\" src=\"https:\/\/domenicaz.site\/wp-content\/uploads\/2026\/01\/adios-disenadora-britanica-vivienne-westwood-reina-moda-punk_104.webp\" alt=\"\" srcset=\"https:\/\/domenicaz.site\/wp-content\/uploads\/2026\/01\/adios-disenadora-britanica-vivienne-westwood-reina-moda-punk_104.webp 1200w, https:\/\/domenicaz.site\/wp-content\/uploads\/2026\/01\/adios-disenadora-britanica-vivienne-westwood-reina-moda-punk_104-300x300.webp 300w, https:\/\/domenicaz.site\/wp-content\/uploads\/2026\/01\/adios-disenadora-britanica-vivienne-westwood-reina-moda-punk_104-1024x1024.webp 1024w, https:\/\/domenicaz.site\/wp-content\/uploads\/2026\/01\/adios-disenadora-britanica-vivienne-westwood-reina-moda-punk_104-150x150.webp 150w, https:\/\/domenicaz.site\/wp-content\/uploads\/2026\/01\/adios-disenadora-britanica-vivienne-westwood-reina-moda-punk_104-768x768.webp 768w\" sizes=\"auto, (max-width: 150px) 100vw, 150px\" \/><br>\u2014 <em>Vivienne Westwood, dise\u00f1adora<\/em><\/p>\n<\/blockquote>\n\n\n\n<p class=\"has-text-align-left\">Elegir qu\u00e9 usar es elegir c\u00f3mo queremos habitar el mundo. Y en esa elecci\u00f3n, la moda encuentra una nueva forma de ser relevante.<\/p>\n\n\n\n<div class=\"wp-block-buttons is-content-justification-center is-layout-flex wp-container-core-buttons-is-layout-16018d1d wp-block-buttons-is-layout-flex\">\n<div class=\"wp-block-button\"><a class=\"wp-block-button__link wp-element-button\" href=\"https:\/\/domenicaz.site\/index.php\/1a\/\">Cuando la moda empieza a cuestionarse<\/a><\/div>\n\n\n\n<div class=\"wp-block-button\"><a class=\"wp-block-button__link wp-element-button\" href=\"https:\/\/domenicaz.site\/index.php\/eje-1\/1b\/\">Dise\u00f1ar con intenci\u00f3n<\/a><\/div>\n\n\n\n<div class=\"wp-block-button\"><a class=\"wp-block-button__link wp-element-button\" href=\"https:\/\/domenicaz.site\/index.php\/1c\/\">Vestirse como acto de identidad<\/a><\/div>\n<\/div>\n\n\n\n<div class=\"wp-block-buttons is-layout-flex wp-block-buttons-is-layout-flex\">\n<div class=\"wp-block-button\"><a class=\"wp-block-button__link wp-element-button\" href=\"https:\/\/domenicaz.site\/index.php\/2026\/01\/14\/home-reportaje\/\">Regresar<\/a><\/div>\n<\/div>\n","protected":false},"excerpt":{"rendered":"<p>La moda ya no se define solo por tendencias, pasarelas o temporadas. Hoy tambi\u00e9n se define por las preguntas que se hace.\u00bfDe d\u00f3nde viene lo que usamos? \u00bfQui\u00e9n lo hizo? \u00bfQu\u00e9 impacto deja? La moda sostenible nace cuando el estilo decide mirar m\u00e1s all\u00e1 de la superficie. No elimina el deseo: lo transforma. Propone una [&hellip;]<\/p>\n","protected":false},"author":1,"featured_media":0,"parent":0,"menu_order":1,"comment_status":"closed","ping_status":"closed","template":"","meta":{"footnotes":""},"class_list":["post-315","page","type-page","status-publish","hentry"],"yoast_head":"<!-- This site is optimized with the Yoast SEO plugin v26.4 - https:\/\/yoast.com\/wordpress\/plugins\/seo\/ -->\n<title>\u00bfQU\u00c9 ES LA MODA SOSTENIBLE? - Dom\u00e9nica Zambrano<\/title>\n<meta name=\"robots\" content=\"index, follow, max-snippet:-1, max-image-preview:large, max-video-preview:-1\" \/>\n<link rel=\"canonical\" href=\"https:\/\/domenicaz.site\/index.php\/eje-1\/\" \/>\n<meta property=\"og:locale\" content=\"es_ES\" \/>\n<meta property=\"og:type\" content=\"article\" \/>\n<meta property=\"og:title\" content=\"\u00bfQU\u00c9 ES LA MODA SOSTENIBLE? - Dom\u00e9nica Zambrano\" \/>\n<meta property=\"og:description\" content=\"La moda ya no se define solo por tendencias, pasarelas o temporadas. Hoy tambi\u00e9n se define por las preguntas que se hace.\u00bfDe d\u00f3nde viene lo que usamos? \u00bfQui\u00e9n lo hizo? \u00bfQu\u00e9 impacto deja? La moda sostenible nace cuando el estilo decide mirar m\u00e1s all\u00e1 de la superficie. No elimina el deseo: lo transforma. Propone una [&hellip;]\" \/>\n<meta property=\"og:url\" content=\"https:\/\/domenicaz.site\/index.php\/eje-1\/\" \/>\n<meta property=\"og:site_name\" content=\"Dom\u00e9nica Zambrano\" \/>\n<meta property=\"article:modified_time\" content=\"2026-01-22T01:46:24+00:00\" \/>\n<meta property=\"og:image\" content=\"https:\/\/domenicaz.site\/wp-content\/uploads\/2026\/01\/adios-disenadora-britanica-vivienne-westwood-reina-moda-punk_104.webp\" \/>\n\t<meta property=\"og:image:width\" content=\"1200\" \/>\n\t<meta property=\"og:image:height\" content=\"1200\" \/>\n\t<meta property=\"og:image:type\" content=\"image\/webp\" \/>\n<meta name=\"twitter:card\" content=\"summary_large_image\" \/>\n<meta name=\"twitter:label1\" content=\"Tiempo de lectura\" \/>\n\t<meta name=\"twitter:data1\" content=\"1 minuto\" \/>\n<script type=\"application\/ld+json\" class=\"yoast-schema-graph\">{\"@context\":\"https:\/\/schema.org\",\"@graph\":[{\"@type\":\"WebPage\",\"@id\":\"https:\/\/domenicaz.site\/index.php\/eje-1\/\",\"url\":\"https:\/\/domenicaz.site\/index.php\/eje-1\/\",\"name\":\"\u00bfQU\u00c9 ES LA MODA SOSTENIBLE? - Dom\u00e9nica Zambrano\",\"isPartOf\":{\"@id\":\"https:\/\/domenicaz.site\/#website\"},\"primaryImageOfPage\":{\"@id\":\"https:\/\/domenicaz.site\/index.php\/eje-1\/#primaryimage\"},\"image\":{\"@id\":\"https:\/\/domenicaz.site\/index.php\/eje-1\/#primaryimage\"},\"thumbnailUrl\":\"https:\/\/domenicaz.site\/wp-content\/uploads\/2026\/01\/adios-disenadora-britanica-vivienne-westwood-reina-moda-punk_104.webp\",\"datePublished\":\"2026-01-15T02:01:15+00:00\",\"dateModified\":\"2026-01-22T01:46:24+00:00\",\"breadcrumb\":{\"@id\":\"https:\/\/domenicaz.site\/index.php\/eje-1\/#breadcrumb\"},\"inLanguage\":\"es\",\"potentialAction\":[{\"@type\":\"ReadAction\",\"target\":[\"https:\/\/domenicaz.site\/index.php\/eje-1\/\"]}]},{\"@type\":\"ImageObject\",\"inLanguage\":\"es\",\"@id\":\"https:\/\/domenicaz.site\/index.php\/eje-1\/#primaryimage\",\"url\":\"https:\/\/domenicaz.site\/wp-content\/uploads\/2026\/01\/adios-disenadora-britanica-vivienne-westwood-reina-moda-punk_104.webp\",\"contentUrl\":\"https:\/\/domenicaz.site\/wp-content\/uploads\/2026\/01\/adios-disenadora-britanica-vivienne-westwood-reina-moda-punk_104.webp\",\"width\":1200,\"height\":1200},{\"@type\":\"BreadcrumbList\",\"@id\":\"https:\/\/domenicaz.site\/index.php\/eje-1\/#breadcrumb\",\"itemListElement\":[{\"@type\":\"ListItem\",\"position\":1,\"name\":\"Portada\",\"item\":\"https:\/\/domenicaz.site\/\"},{\"@type\":\"ListItem\",\"position\":2,\"name\":\"\u00bfQU\u00c9 ES LA MODA SOSTENIBLE?\"}]},{\"@type\":\"WebSite\",\"@id\":\"https:\/\/domenicaz.site\/#website\",\"url\":\"https:\/\/domenicaz.site\/\",\"name\":\"Dom\u00e9nica Zambrano\",\"description\":\"\",\"potentialAction\":[{\"@type\":\"SearchAction\",\"target\":{\"@type\":\"EntryPoint\",\"urlTemplate\":\"https:\/\/domenicaz.site\/?s={search_term_string}\"},\"query-input\":{\"@type\":\"PropertyValueSpecification\",\"valueRequired\":true,\"valueName\":\"search_term_string\"}}],\"inLanguage\":\"es\"}]}<\/script>\n<!-- \/ Yoast SEO plugin. -->","yoast_head_json":{"title":"\u00bfQU\u00c9 ES LA MODA SOSTENIBLE? - Dom\u00e9nica Zambrano","robots":{"index":"index","follow":"follow","max-snippet":"max-snippet:-1","max-image-preview":"max-image-preview:large","max-video-preview":"max-video-preview:-1"},"canonical":"https:\/\/domenicaz.site\/index.php\/eje-1\/","og_locale":"es_ES","og_type":"article","og_title":"\u00bfQU\u00c9 ES LA MODA SOSTENIBLE? - Dom\u00e9nica Zambrano","og_description":"La moda ya no se define solo por tendencias, pasarelas o temporadas. Hoy tambi\u00e9n se define por las preguntas que se hace.\u00bfDe d\u00f3nde viene lo que usamos? \u00bfQui\u00e9n lo hizo? \u00bfQu\u00e9 impacto deja? La moda sostenible nace cuando el estilo decide mirar m\u00e1s all\u00e1 de la superficie. No elimina el deseo: lo transforma. Propone una [&hellip;]","og_url":"https:\/\/domenicaz.site\/index.php\/eje-1\/","og_site_name":"Dom\u00e9nica Zambrano","article_modified_time":"2026-01-22T01:46:24+00:00","og_image":[{"width":1200,"height":1200,"url":"https:\/\/domenicaz.site\/wp-content\/uploads\/2026\/01\/adios-disenadora-britanica-vivienne-westwood-reina-moda-punk_104.webp","type":"image\/webp"}],"twitter_card":"summary_large_image","twitter_misc":{"Tiempo de lectura":"1 minuto"},"schema":{"@context":"https:\/\/schema.org","@graph":[{"@type":"WebPage","@id":"https:\/\/domenicaz.site\/index.php\/eje-1\/","url":"https:\/\/domenicaz.site\/index.php\/eje-1\/","name":"\u00bfQU\u00c9 ES LA MODA SOSTENIBLE? - Dom\u00e9nica Zambrano","isPartOf":{"@id":"https:\/\/domenicaz.site\/#website"},"primaryImageOfPage":{"@id":"https:\/\/domenicaz.site\/index.php\/eje-1\/#primaryimage"},"image":{"@id":"https:\/\/domenicaz.site\/index.php\/eje-1\/#primaryimage"},"thumbnailUrl":"https:\/\/domenicaz.site\/wp-content\/uploads\/2026\/01\/adios-disenadora-britanica-vivienne-westwood-reina-moda-punk_104.webp","datePublished":"2026-01-15T02:01:15+00:00","dateModified":"2026-01-22T01:46:24+00:00","breadcrumb":{"@id":"https:\/\/domenicaz.site\/index.php\/eje-1\/#breadcrumb"},"inLanguage":"es","potentialAction":[{"@type":"ReadAction","target":["https:\/\/domenicaz.site\/index.php\/eje-1\/"]}]},{"@type":"ImageObject","inLanguage":"es","@id":"https:\/\/domenicaz.site\/index.php\/eje-1\/#primaryimage","url":"https:\/\/domenicaz.site\/wp-content\/uploads\/2026\/01\/adios-disenadora-britanica-vivienne-westwood-reina-moda-punk_104.webp","contentUrl":"https:\/\/domenicaz.site\/wp-content\/uploads\/2026\/01\/adios-disenadora-britanica-vivienne-westwood-reina-moda-punk_104.webp","width":1200,"height":1200},{"@type":"BreadcrumbList","@id":"https:\/\/domenicaz.site\/index.php\/eje-1\/#breadcrumb","itemListElement":[{"@type":"ListItem","position":1,"name":"Portada","item":"https:\/\/domenicaz.site\/"},{"@type":"ListItem","position":2,"name":"\u00bfQU\u00c9 ES LA MODA SOSTENIBLE?"}]},{"@type":"WebSite","@id":"https:\/\/domenicaz.site\/#website","url":"https:\/\/domenicaz.site\/","name":"Dom\u00e9nica Zambrano","description":"","potentialAction":[{"@type":"SearchAction","target":{"@type":"EntryPoint","urlTemplate":"https:\/\/domenicaz.site\/?s={search_term_string}"},"query-input":{"@type":"PropertyValueSpecification","valueRequired":true,"valueName":"search_term_string"}}],"inLanguage":"es"}]}},"_links":{"self":[{"href":"https:\/\/domenicaz.site\/index.php\/wp-json\/wp\/v2\/pages\/315","targetHints":{"allow":["GET"]}}],"collection":[{"href":"https:\/\/domenicaz.site\/index.php\/wp-json\/wp\/v2\/pages"}],"about":[{"href":"https:\/\/domenicaz.site\/index.php\/wp-json\/wp\/v2\/types\/page"}],"author":[{"embeddable":true,"href":"https:\/\/domenicaz.site\/index.php\/wp-json\/wp\/v2\/users\/1"}],"replies":[{"embeddable":true,"href":"https:\/\/domenicaz.site\/index.php\/wp-json\/wp\/v2\/comments?post=315"}],"version-history":[{"count":11,"href":"https:\/\/domenicaz.site\/index.php\/wp-json\/wp\/v2\/pages\/315\/revisions"}],"predecessor-version":[{"id":600,"href":"https:\/\/domenicaz.site\/index.php\/wp-json\/wp\/v2\/pages\/315\/revisions\/600"}],"wp:attachment":[{"href":"https:\/\/domenicaz.site\/index.php\/wp-json\/wp\/v2\/media?parent=315"}],"curies":[{"name":"wp","href":"https:\/\/api.w.org\/{rel}","templated":true}]}}